{"id":1806,"date":"2018-12-07T14:06:39","date_gmt":"2018-12-07T13:06:39","guid":{"rendered":"http:\/\/avadol.ch\/?page_id=1806"},"modified":"2018-12-07T15:18:39","modified_gmt":"2018-12-07T14:18:39","slug":"nos-missions-et-activites","status":"publish","type":"page","link":"http:\/\/avadol.ch\/?page_id=1806","title":{"rendered":"Nos missions et activit\u00e9s"},"content":{"rendered":"<p>[vc_row][vc_column][vc_custom_heading text=\u00a0\u00bbNos missions\u00a0\u00bb font_container=\u00a0\u00bbtag:h2|text_align:center\u00a0\u00bb el_class=\u00a0\u00bbbottom-line line-center\u00a0\u00bb][vc_empty_space][\/vc_column][\/vc_row][vc_row][vc_column width=\u00a0\u00bb1\/4&Prime;][vc_column_text]Fournir des outils et des ressources pour l\u2019aider \u00e0 surmonter sa condition et se r\u00e9approprier le contr\u00f4le de sa vie.[\/vc_column_text][\/vc_column][vc_column width=\u00a0\u00bb1\/4&Prime;][vc_column_text]<img loading=\"lazy\" src=\"http:\/\/avadol.ch\/wp-content\/uploads\/2018\/12\/Piyce_jointe_sans_titre_0-003.jpg\" alt=\"\" class=\"alignnone size-full wp-image-1696\" width=\"285\" height=\"204\" \/>[\/vc_column_text][\/vc_column][vc_column width=\u00a0\u00bb1\/4&Prime;][vc_column_text]Informer, soutenir les proches et collaborer avec les partenaires de la sant\u00e9.[\/vc_column_text][\/vc_column][vc_column width=\u00a0\u00bb1\/4&Prime;][vc_column_text]<img loading=\"lazy\" src=\"http:\/\/avadol.ch\/wp-content\/uploads\/2018\/12\/Piyce_jointe_sans_titre_0-006-420x256.jpg\" alt=\"\" class=\"alignnone size-medium wp-image-1683\" width=\"420\" height=\"256\" srcset=\"http:\/\/avadol.ch\/wp-content\/uploads\/2018\/12\/Piyce_jointe_sans_titre_0-006-420x256.jpg 420w, http:\/\/avadol.ch\/wp-content\/uploads\/2018\/12\/Piyce_jointe_sans_titre_0-006.jpg 422w\" sizes=\"(max-width: 420px) 100vw, 420px\" \/>[\/vc_column_text][\/vc_column][\/vc_row][vc_row][vc_column width=\u00a0\u00bb1\/4&Prime;][vc_column_text]Offrir un lieu d\u2019accueil, de soutien et d\u2019informations afin que la personne trouve \u00e9coute et validation de son v\u00e9cu&#8230;[\/vc_column_text][\/vc_column][vc_column width=\u00a0\u00bb1\/4&Prime;][vc_column_text]<img loading=\"lazy\" src=\"http:\/\/avadol.ch\/wp-content\/uploads\/2018\/12\/Piyce_jointe_sans_titre_0-001-420x280.jpg\" alt=\"\" class=\"alignnone size-medium wp-image-1695\" width=\"420\" height=\"280\" srcset=\"http:\/\/avadol.ch\/wp-content\/uploads\/2018\/12\/Piyce_jointe_sans_titre_0-001-420x280.jpg 420w, http:\/\/avadol.ch\/wp-content\/uploads\/2018\/12\/Piyce_jointe_sans_titre_0-001-768x512.jpg 768w, http:\/\/avadol.ch\/wp-content\/uploads\/2018\/12\/Piyce_jointe_sans_titre_0-001.jpg 1048w\" sizes=\"(max-width: 420px) 100vw, 420px\" \/>[\/vc_column_text][\/vc_column][vc_column width=\u00a0\u00bb1\/4&Prime;][vc_column_text]Organiser des activit\u00e9s et des rencontres entre personnes souffrant de cette pathologie et, doucement briser l\u2019isolement social.[\/vc_column_text][\/vc_column][vc_column width=\u00a0\u00bb1\/4&Prime;][vc_column_text]<img loading=\"lazy\" src=\"http:\/\/avadol.ch\/wp-content\/uploads\/2018\/12\/Piyce_jointe_sans_titre_0-005.jpg\" alt=\"\" class=\"alignnone size-full wp-image-1682\" width=\"380\" height=\"239\" \/>[\/vc_column_text][\/vc_column][\/vc_row][vc_row][vc_column width=\u00a0\u00bb1\/4&Prime;][vc_column_text]Cr\u00e9er une banque d\u2019informations pour toutes les personnes concern\u00e9es et sensibilis\u00e9es par cette pathologie.[\/vc_column_text][\/vc_column][vc_column width=\u00a0\u00bb1\/4&Prime;][vc_column_text]<img loading=\"lazy\" src=\"http:\/\/avadol.ch\/wp-content\/uploads\/2018\/12\/Piyce_jointe_sans_titre_0-008.jpg\" alt=\"\" class=\"alignnone size-full wp-image-1685\" width=\"336\" height=\"252\" \/>[\/vc_column_text][\/vc_column][vc_column width=\u00a0\u00bb1\/4&Prime;][vc_column_text]Sensibiliser les professsionnels de la sant\u00e9 et la population aux r\u00e9alit\u00e9s de la personne atteinte, et ainsi sortir du Tabou.[\/vc_column_text][\/vc_column][vc_column width=\u00a0\u00bb1\/4&Prime;][vc_column_text]<img loading=\"lazy\" src=\"http:\/\/avadol.ch\/wp-content\/uploads\/2018\/12\/Piyce_jointe_sans_titre_0-007.jpg\" alt=\"\" class=\"alignnone size-full wp-image-1684\" width=\"311\" height=\"237\" \/>[\/vc_column_text][\/vc_column][\/vc_row][vc_row][vc_column][vc_empty_space][vc_empty_space][vc_custom_heading text=\u00a0\u00bbNos activit\u00e9s\u00a0\u00bb font_container=\u00a0\u00bbtag:h2|text_align:center\u00a0\u00bb el_class=\u00a0\u00bbbottom-line line-center\u00a0\u00bb][vc_empty_space][\/vc_column][\/vc_row][vc_row][vc_column width=\u00a0\u00bb1\/4&Prime;][vc_column_text]Un bureau et une permanence<br \/>\nT\u00e9l : 079 133 86 60[\/vc_column_text][\/vc_column][vc_column width=\u00a0\u00bb1\/4&Prime;][vc_column_text]<img loading=\"lazy\" src=\"http:\/\/avadol.ch\/wp-content\/uploads\/2018\/12\/Piyce_jointe_sans_titre_0-009-415x280.jpg\" alt=\"\" class=\"alignnone size-medium wp-image-1686\" width=\"415\" height=\"280\" \/>[\/vc_column_text][\/vc_column][vc_column width=\u00a0\u00bb1\/4&Prime;][vc_column_text]Des micro-ateliers : d\u00e9couvrir des outils afin de permettre la gestion personnelle et ind\u00e9pendante de la douleur.[\/vc_column_text][\/vc_column][vc_column width=\u00a0\u00bb1\/4&Prime;][vc_column_text]<img loading=\"lazy\" src=\"http:\/\/avadol.ch\/wp-content\/uploads\/2018\/12\/Piyce_jointe_sans_titre_0-012.jpg\" alt=\"\" class=\"alignnone size-full wp-image-1689\" width=\"344\" height=\"251\" \/>[\/vc_column_text][\/vc_column][\/vc_row][vc_row][vc_column width=\u00a0\u00bb1\/4&Prime;][vc_column_text]Une participation au Forum des Patients de l\u2019H\u00f4pital du Valais.[\/vc_column_text][\/vc_column][vc_column width=\u00a0\u00bb1\/4&Prime;][vc_column_text]<img loading=\"lazy\" src=\"http:\/\/avadol.ch\/wp-content\/uploads\/2018\/12\/Piyce_jointe_sans_titre_0-014-351x280.jpg\" alt=\"\" class=\"alignnone size-medium wp-image-1691\" width=\"351\" height=\"280\" \/>[\/vc_column_text][\/vc_column][vc_column width=\u00a0\u00bb1\/4&Prime;][vc_column_text]Une permanence mensuelle aux HVs-h\u00f4pital de Sion.[\/vc_column_text][\/vc_column][vc_column width=\u00a0\u00bb1\/4&Prime;][vc_column_text]<img loading=\"lazy\" src=\"http:\/\/avadol.ch\/wp-content\/uploads\/2018\/12\/Piyce_jointe_sans_titre_0-010-420x276.jpg\" alt=\"\" class=\"alignnone size-medium wp-image-1687\" width=\"420\" height=\"276\" \/>[\/vc_column_text][\/vc_column][\/vc_row][vc_row][vc_column width=\u00a0\u00bb1\/4&Prime;][vc_column_text]Une banque d\u2019informations et de renseignements.[\/vc_column_text][\/vc_column][vc_column width=\u00a0\u00bb1\/4&Prime;][vc_column_text]<img loading=\"lazy\" src=\"http:\/\/avadol.ch\/wp-content\/uploads\/2018\/12\/Piyce_jointe_sans_titre_0-017.jpg\" alt=\"\" class=\"alignnone size-full wp-image-1694\" width=\"298\" height=\"226\" \/>[\/vc_column_text][\/vc_column][vc_column width=\u00a0\u00bb1\/4&Prime;][vc_column_text]Une collaboration scientifique et m\u00e9dicale pour une prise en charge multidisciplinaire.[\/vc_column_text][\/vc_column][vc_column width=\u00a0\u00bb1\/4&Prime;][vc_column_text]<img loading=\"lazy\" src=\"http:\/\/avadol.ch\/wp-content\/uploads\/2018\/12\/Piyce_jointe_sans_titre_0-015.jpg\" alt=\"\" class=\"alignnone size-full wp-image-1692\" width=\"411\" height=\"262\" \/>[\/vc_column_text][\/vc_column][\/vc_row][vc_row][vc_column width=\u00a0\u00bb1\/4&Prime;][vc_column_text]Des espaces de parole et de partage dans les villes principales du canton.[\/vc_column_text][\/vc_column][vc_column width=\u00a0\u00bb1\/4&Prime;][vc_column_text]<img loading=\"lazy\" src=\"http:\/\/avadol.ch\/wp-content\/uploads\/2018\/12\/Piyce_jointe_sans_titre_0-011.jpg\" alt=\"\" class=\"alignnone size-full wp-image-1688\" width=\"255\" height=\"255\" \/>[\/vc_column_text][\/vc_column][vc_column width=\u00a0\u00bb1\/4&Prime;][vc_column_text]Des activit\u00e9s, sorties, etc&#8230;[\/vc_column_text][\/vc_column][vc_column width=\u00a0\u00bb1\/4&Prime;][vc_column_text]<img loading=\"lazy\" src=\"http:\/\/avadol.ch\/wp-content\/uploads\/2018\/12\/Piyce_jointe_sans_titre_0-013.jpg\" alt=\"\" class=\"alignnone size-full wp-image-1690\" width=\"338\" height=\"196\" \/>[\/vc_column_text][\/vc_column][\/vc_row][vc_row][vc_column width=\u00a0\u00bb1\/4&Prime;][vc_column_text]Un site internet :<br \/>\nwww.avadol.ch[\/vc_column_text][\/vc_column][vc_column width=\u00a0\u00bb1\/4&Prime;][vc_column_text]<img loading=\"lazy\" src=\"http:\/\/avadol.ch\/wp-content\/uploads\/2018\/12\/Piyce_jointe_sans_titre_0-016.jpg\" alt=\"\" class=\"alignnone size-full wp-image-1693\" width=\"282\" height=\"261\" \/>[\/vc_column_text][\/vc_column][vc_column width=\u00a0\u00bb1\/4&Prime;][\/vc_column][vc_column width=\u00a0\u00bb1\/4&Prime;][\/vc_column][\/vc_row]<\/p>\n","protected":false},"excerpt":{"rendered":"<p>[vc_row][vc_column][vc_custom_heading text=\u00a0\u00bbNos missions\u00a0\u00bb font_container=\u00a0\u00bbtag:h2|text_align:center\u00a0\u00bb el_class=\u00a0\u00bbbottom-line line-center\u00a0\u00bb][vc_empty_space][\/vc_column][\/vc_row][vc_row][vc_column width=\u00a0\u00bb1\/4&Prime;][vc_column_text]Fournir des outils et des ressources pour l\u2019aider \u00e0 surmonter sa condition et se r\u00e9approprier le contr\u00f4le de sa vie.[\/vc_column_text][\/vc_column][vc_column width=\u00a0\u00bb1\/4&Prime;][vc_column_text][\/vc_column_text][\/vc_column][vc_column width=\u00a0\u00bb1\/4&Prime;][vc_column_text]Informer, soutenir les proches et collaborer avec les partenaires de la sant\u00e9.[\/vc_column_text][\/vc_column][vc_column width=\u00a0\u00bb1\/4&Prime;][vc_column_text][\/vc_column_text][\/vc_column][\/vc_row][vc_row][vc_column width=\u00a0\u00bb1\/4&Prime;][vc_column_text]Offrir un lieu d\u2019accueil, de soutien et d\u2019informations afin que la personne trouve \u00e9coute et validation de son v\u00e9cu&#8230;[\/vc_column_text][\/vc_column][vc_column width=\u00a0\u00bb1\/4&Prime;][vc_column_text][\/vc_column_text][\/vc_column][vc_column width=\u00a0\u00bb1\/4&Prime;][vc_column_text]Organiser des activit\u00e9s et des rencontres entre personnes souffrant de cette pathologie et, doucement briser l\u2019isolement social.[\/vc_column_text][\/vc_column][vc_column width=\u00a0\u00bb1\/4&Prime;][vc_column_text][\/vc_column_text][\/vc_column][\/vc_row][vc_row][vc_column width=\u00a0\u00bb1\/4&Prime;][vc_column_text]Cr\u00e9er une banque d\u2019informations pour toutes les personnes concern\u00e9es et sensibilis\u00e9es par cette pathologie.[\/vc_column_text][\/vc_column][vc_column width=\u00a0\u00bb1\/4&Prime;][vc_column_text][\/vc_column_text][\/vc_column][vc_column width=\u00a0\u00bb1\/4&Prime;][vc_column_text]Sensibiliser les professsionnels de la sant\u00e9 et la population aux r\u00e9alit\u00e9s de la personne atteinte, et ainsi sortir du Tabou.[\/vc_column_text][\/vc_column][vc_column width=\u00a0\u00bb1\/4&Prime;][vc_column_text][\/vc_column_text][\/vc_column][\/vc_row][vc_row][vc_column][vc_empty_space][vc_empty_space][vc_custom_heading text=\u00a0\u00bbNos activit\u00e9s\u00a0\u00bb font_container=\u00a0\u00bbtag:h2|text_align:center\u00a0\u00bb el_class=\u00a0\u00bbbottom-line line-center\u00a0\u00bb][vc_empty_space][\/vc_column][\/vc_row][vc_row][vc_column width=\u00a0\u00bb1\/4&Prime;][vc_column_text]Un bureau et une permanence T\u00e9l : 079 133 86 60[\/vc_column_text][\/vc_column][vc_column width=\u00a0\u00bb1\/4&Prime;][vc_column_text][\/vc_column_text][\/vc_column][vc_column width=\u00a0\u00bb1\/4&Prime;][vc_column_text]Des micro-ateliers : d\u00e9couvrir des outils afin de permettre la gestion personnelle et ind\u00e9pendante de la douleur.[\/vc_column_text][\/vc_column][vc_column width=\u00a0\u00bb1\/4&Prime;][vc_column_text][\/vc_column_text][\/vc_column][\/vc_row][vc_row][vc_column width=\u00a0\u00bb1\/4&Prime;][vc_column_text]Une participation au Forum des Patients de l\u2019H\u00f4pital du Valais.[\/vc_column_text][\/vc_column][vc_column width=\u00a0\u00bb1\/4&Prime;][vc_column_text][\/vc_column_text][\/vc_column][vc_column width=\u00a0\u00bb1\/4&Prime;][vc_column_text]Une permanence mensuelle aux HVs-h\u00f4pital de Sion.[\/vc_column_text][\/vc_column][vc_column width=\u00a0\u00bb1\/4&Prime;][vc_column_text][\/vc_column_text][\/vc_column][\/vc_row][vc_row][vc_column width=\u00a0\u00bb1\/4&Prime;][vc_column_text]Une banque d\u2019informations et de renseignements.[\/vc_column_text][\/vc_column][vc_column width=\u00a0\u00bb1\/4&Prime;][vc_column_text][\/vc_column_text][\/vc_column][vc_column width=\u00a0\u00bb1\/4&Prime;][vc_column_text]Une collaboration scientifique et m\u00e9dicale pour une prise en charge multidisciplinaire.[\/vc_column_text][\/vc_column][vc_column width=\u00a0\u00bb1\/4&Prime;][vc_column_text][\/vc_column_text][\/vc_column][\/vc_row][vc_row][vc_column width=\u00a0\u00bb1\/4&Prime;][vc_column_text]Des espaces de parole et de partage dans les villes principales du canton.[\/vc_column_text][\/vc_column][vc_column width=\u00a0\u00bb1\/4&Prime;][vc_column_text][\/vc_column_text][\/vc_column][vc_column width=\u00a0\u00bb1\/4&Prime;][vc_column_text]Des activit\u00e9s, sorties, etc&#8230;[\/vc_column_text][\/vc_column][vc_column width=\u00a0\u00bb1\/4&Prime;][vc_column_text][\/vc_column_text][\/vc_column][\/vc_row][vc_row][vc_column width=\u00a0\u00bb1\/4&Prime;][vc_column_text]Un site internet : www.avadol.ch[\/vc_column_text][\/vc_column][vc_column width=\u00a0\u00bb1\/4&Prime;][vc_column_text][\/vc_column_text][\/vc_column][vc_column width=\u00a0\u00bb1\/4&Prime;][\/vc_column][vc_column width=\u00a0\u00bb1\/4&Prime;][\/vc_column][\/vc_row]<\/p>\n","protected":false},"author":1,"featured_media":0,"parent":0,"menu_order":0,"comment_status":"closed","ping_status":"closed","template":"","meta":[],"_links":{"self":[{"href":"http:\/\/avadol.ch\/index.php?rest_route=\/wp\/v2\/pages\/1806"}],"collection":[{"href":"http:\/\/avadol.ch\/index.php?rest_route=\/wp\/v2\/pages"}],"about":[{"href":"http:\/\/avadol.ch\/index.php?rest_route=\/wp\/v2\/types\/page"}],"author":[{"embeddable":true,"href":"http:\/\/avadol.ch\/index.php?rest_route=\/wp\/v2\/users\/1"}],"replies":[{"embeddable":true,"href":"http:\/\/avadol.ch\/index.php?rest_route=%2Fwp%2Fv2%2Fcomments&post=1806"}],"version-history":[{"count":13,"href":"http:\/\/avadol.ch\/index.php?rest_route=\/wp\/v2\/pages\/1806\/revisions"}],"predecessor-version":[{"id":1819,"href":"http:\/\/avadol.ch\/index.php?rest_route=\/wp\/v2\/pages\/1806\/revisions\/1819"}],"wp:attachment":[{"href":"http:\/\/avadol.ch\/index.php?rest_route=%2Fwp%2Fv2%2Fmedia&parent=1806"}],"curies":[{"name":"wp","href":"https:\/\/api.w.org\/{rel}","templated":true}]}}