{"id":1823,"date":"2018-12-07T16:23:44","date_gmt":"2018-12-07T15:23:44","guid":{"rendered":"http:\/\/avadol.ch\/?page_id=1823"},"modified":"2022-01-07T14:54:18","modified_gmt":"2022-01-07T13:54:18","slug":"agenda","status":"publish","type":"page","link":"http:\/\/avadol.ch\/?page_id=1823","title":{"rendered":"Agenda"},"content":{"rendered":"<p>[vc_row][vc_column][vc_custom_heading text=\u00a0\u00bbRencontres des groupes ou ateliers d\u00e9couvertes\u00a0\u00bb font_container=\u00a0\u00bbtag:h2|text_align:center\u00a0\u00bb el_class=\u00a0\u00bbbottom-line line-center\u00a0\u00bb][vc_empty_space][\/vc_column][\/vc_row][vc_row][vc_column][vc_empty_space][vc_column_text]<\/p>\n<ul>\n<li style=\"text-align: center;\"><strong>IMPORTANT<\/strong><\/li>\n<\/ul>\n<p style=\"text-align: center;\">\n<p style=\"text-align: center;\"><strong>Bonjour,<\/strong><\/p>\n<p style=\"text-align: center;\"><strong>Aujourd\u2019hui l&rsquo;entier du comit\u00e9 \u00e9tant d\u00e9missionnaire l&rsquo;association est dans l&rsquo;attente de repreneurs et toutes ces activit\u00e9s sont gel\u00e9es.<\/strong><br \/>\n<strong><br \/>\nMerci pour votre compr\u00e9hension.<\/strong><\/p>\n<p style=\"text-align: center;\"><strong>Prenez soin de vous.<\/strong><\/p>\n<div id=\"v1signature\">\n<div class=\"v1pre\"><span style=\"color: #ffffff;\">.<\/span><\/div>\n<\/div>\n<p>[\/vc_column_text][vc_column_text][\/vc_column_text][\/vc_column][\/vc_row][vc_row][vc_column][vc_empty_space][\/vc_column][\/vc_row][vc_row][vc_column][vc_column_text][\/vc_column_text][\/vc_column][\/vc_row][vc_row][vc_column][\/vc_column][\/vc_row][vc_row][vc_column][vc_column_text]<iframe style=\"height: 800px; width: 100%;\" src=\"https:\/\/calendar.google.com\/calendar\/embed?showTabs=0&amp;showCalendars=0&amp;showTz=0&amp;wkst=1&amp;bgcolor=%23FFFFFF&amp;src=i0tlrsdjf06ijfi6qd8onmv18o%40group.calendar.google.com&amp;color=%23865A5A&amp;ctz=Europe%2FZurich\" scrolling=\"no\"><\/iframe>[\/vc_column_text][\/vc_column][\/vc_row]<\/p>\n","protected":false},"excerpt":{"rendered":"<p>[vc_row][vc_column][vc_custom_heading text=\u00a0\u00bbRencontres des groupes ou ateliers d\u00e9couvertes\u00a0\u00bb font_container=\u00a0\u00bbtag:h2|text_align:center\u00a0\u00bb el_class=\u00a0\u00bbbottom-line line-center\u00a0\u00bb][vc_empty_space][\/vc_column][\/vc_row][vc_row][vc_column][vc_empty_space][vc_column_text] IMPORTANT Bonjour, Aujourd\u2019hui l&rsquo;entier du comit\u00e9 \u00e9tant d\u00e9missionnaire l&rsquo;association est dans l&rsquo;attente de repreneurs et toutes ces activit\u00e9s sont gel\u00e9es. Merci pour votre compr\u00e9hension. Prenez soin de vous. . [\/vc_column_text][vc_column_text][\/vc_column_text][\/vc_column][\/vc_row][vc_row][vc_column][vc_empty_space][\/vc_column][\/vc_row][vc_row][vc_column][vc_column_text][\/vc_column_text][\/vc_column][\/vc_row][vc_row][vc_column][\/vc_column][\/vc_row][vc_row][vc_column][vc_column_text][\/vc_column_text][\/vc_column][\/vc_row]<\/p>\n","protected":false},"author":1,"featured_media":0,"parent":0,"menu_order":0,"comment_status":"closed","ping_status":"closed","template":"","meta":[],"_links":{"self":[{"href":"http:\/\/avadol.ch\/index.php?rest_route=\/wp\/v2\/pages\/1823"}],"collection":[{"href":"http:\/\/avadol.ch\/index.php?rest_route=\/wp\/v2\/pages"}],"about":[{"href":"http:\/\/avadol.ch\/index.php?rest_route=\/wp\/v2\/types\/page"}],"author":[{"embeddable":true,"href":"http:\/\/avadol.ch\/index.php?rest_route=\/wp\/v2\/users\/1"}],"replies":[{"embeddable":true,"href":"http:\/\/avadol.ch\/index.php?rest_route=%2Fwp%2Fv2%2Fcomments&post=1823"}],"version-history":[{"count":41,"href":"http:\/\/avadol.ch\/index.php?rest_route=\/wp\/v2\/pages\/1823\/revisions"}],"predecessor-version":[{"id":4239,"href":"http:\/\/avadol.ch\/index.php?rest_route=\/wp\/v2\/pages\/1823\/revisions\/4239"}],"wp:attachment":[{"href":"http:\/\/avadol.ch\/index.php?rest_route=%2Fwp%2Fv2%2Fmedia&parent=1823"}],"curies":[{"name":"wp","href":"https:\/\/api.w.org\/{rel}","templated":true}]}}