{"id":1842,"date":"2018-12-10T10:41:19","date_gmt":"2018-12-10T09:41:19","guid":{"rendered":"http:\/\/avadol.ch\/?page_id=1842"},"modified":"2021-02-24T22:48:58","modified_gmt":"2021-02-24T21:48:58","slug":"partenaires","status":"publish","type":"page","link":"http:\/\/avadol.ch\/?page_id=1842","title":{"rendered":"Partenaires"},"content":{"rendered":"<p>[vc_row][vc_column width=\u00a0\u00bb1\/2&Prime;][vc_column_text]<\/p>\n<div id=\"WE930f1a00b1\" class=\"BaseDiv RKeepRatio OEWEImage OESK_WEImage_Default\">\n<div class=\"OESZ OESZ_DivContent OESZG_WE930f1a00b1\"><img src=\"http:\/\/avadol.ch\/Files\/Image\/Nos%20partenaires\/hopital%20du%20valais.png\" class=\"OESZ OESZ_Img OESZG_WE930f1a00b1 aligncenter\" alt=\"\" \/><\/div>\n<\/div>\n<div style=\"text-align: center;\"><\/div>\n<div><\/div>\n<div><\/div>\n<p style=\"text-align: center;\"><span class=\"ContentBox\">Forum P\u00f4le patients de l\u2019h\u00f4pital du Valais<br \/>\n<\/span><span class=\"ContentBox\"><a href=\"http:\/\/www.hopitalduvalais.ch\/fr\/patients-et-visiteurs\/patients\/pole-patient.html\" target=\"_blank\" rel=\"noopener\">http:\/\/www.hopitalduvalais.ch\/fr\/patients-et\u00a0-visiteurs\/patients\/pole-patient.html<\/a><\/span>[\/vc_column_text][\/vc_column][vc_column width=\u00a0\u00bb1\/2&Prime;][vc_column_text]<\/p>\n<div class=\"irc_mimg irc_hic\">\n<div style=\"text-align: center;\"><img loading=\"lazy\" src=\"http:\/\/avadol.ch\/wp-content\/uploads\/2018\/12\/oncoreha_2012accroche.jpg\" alt=\"\" class=\"alignnone wp-image-1847\" width=\"249\" height=\"117\" \/><\/div>\n<div style=\"text-align: center;\">Oncoreha-vs<\/div>\n<div style=\"text-align: center;\">(Programme valaisan de r\u00e9adaptation oncologique)<\/div>\n<div style=\"text-align: center;\"><a href=\"http:\/\/www.oncoreha-vs.ch\/fr\/\" target=\"_blank\" rel=\"noopener\">http:\/\/www.oncoreha-vs.ch\/fr\/<\/a><\/div>\n<\/div>\n<p>[\/vc_column_text][\/vc_column][\/vc_row][vc_row][vc_column width=\u00a0\u00bb1\/2&Prime;][vc_column_text]<\/p>\n<div id=\"WEad0e4f3f99\" class=\"BaseDiv RKeepRatio OEWEImage OESK_WEImage_Default\">\n<div class=\"OESZ OESZ_DivContent OESZG_WEad0e4f3f99\" style=\"text-align: center;\"><span class=\"ContentBox\"><img loading=\"lazy\" src=\"http:\/\/avadol.ch\/wp-content\/uploads\/2018\/12\/reseau-d-entraide-WEad0e4f3f99.jpg\" alt=\"\" class=\"size-full wp-image-1853 aligncenter\" width=\"338\" height=\"42\" \/><\/span><\/div>\n<div class=\"OESZ OESZ_DivContent OESZG_WEad0e4f3f99\" style=\"text-align: center;\"><span class=\"ContentBox\"><br \/>\nR\u00e9seau d\u2019 Entraide Valais <a href=\"http:\/\/www.revs.ch\/fr\" target=\"_blank\" rel=\"noopener\">:http:\/\/www.revs.ch\/fr\/\u00a0<\/a><\/span><\/div>\n<\/div>\n<p style=\"text-align: center;\">( Le programme R\u00e9seau Entraide Valais est une plateforme collaborative qui coordonne les diff\u00e9rentes ressources institutionnelles et associatives valaisannes pour r\u00e9pondre a toute situation de d\u00e9tresse)<\/p>\n<p>[\/vc_column_text][\/vc_column][vc_column width=\u00a0\u00bb1\/2&Prime;][vc_column_text]<\/p>\n<div id=\"WEad0e4f3f99\" class=\"BaseDiv RKeepRatio OEWEImage OESK_WEImage_Default\">\n<div class=\"OESZ OESZ_DivContent OESZG_WEad0e4f3f99\" style=\"text-align: center;\"><span class=\"ContentBox\"><img loading=\"lazy\" src=\"http:\/\/avadol.ch\/wp-content\/uploads\/2018\/12\/CantonVsLogo-WE6ae7c9ec16.png\" alt=\"\" class=\"aligncenter size-full wp-image-1856\" width=\"175\" height=\"93\" \/><br \/>\nEtat du Valais<\/span><\/div>\n<div style=\"text-align: center;\">Service de la pr\u00e9vention de la sant\u00e9<\/div>\n<\/div>\n<p>[\/vc_column_text][\/vc_column][\/vc_row][vc_row][vc_column width=\u00a0\u00bb1\/2&Prime;][vc_column_text]<\/p>\n<div id=\"WE930f1a00b1\" class=\"BaseDiv RKeepRatio OEWEImage OESK_WEImage_Default\">\n<div class=\"OESZ OESZ_DivContent OESZG_WE930f1a00b1\"><\/div>\n<div style=\"text-align: center;\"><img loading=\"lazy\" src=\"http:\/\/avadol.ch\/wp-content\/uploads\/2019\/01\/d8b439e5.png\" alt=\"\" class=\"aligncenter size-full wp-image-3229\" width=\"404\" height=\"125\" \/><\/div>\n<\/div>\n<p style=\"text-align: center;\"><span class=\"ContentBox\">Promotion Valais Sant\u00e9<br \/>\n<\/span><a href=\"http:\/\/www.promotionsantevalais.ch\/fr\/homepage.html\"><span>www.promotionsantevalais.ch\/fr\/homepage.html<\/span><\/a>[\/vc_column_text][\/vc_column][vc_column width=\u00a0\u00bb1\/2&Prime;][vc_column_text]<\/p>\n<p style=\"text-align: center;\"><span class=\"ContentBox\"><img loading=\"lazy\" src=\"http:\/\/avadol.ch\/wp-content\/uploads\/2019\/01\/4219d713-e1546597368280.jpg\" alt=\"\" class=\"aligncenter wp-image-3231\" width=\"331\" height=\"144\" \/><br \/>\nHaute Ecole de Sant\u00e9 Valais<br \/>\n<a href=\"https:\/\/www.hevs.ch\/fr\/hautes-ecoles\/haute-ecole-de-sante\/\">https:\/\/www.hevs.ch\/fr\/hautes-ecoles\/haute-ecole-de-sante\/<\/a><br \/>\n<\/span>[\/vc_column_text][\/vc_column][\/vc_row][vc_row][vc_column width=\u00a0\u00bb1\/2&Prime;][vc_column_text]<\/p>\n<p style=\"text-align: center;\"><a href=\"https:\/\/www.competences-benevoles.ch\/\"><\/a><a href=\"https:\/\/www.competences-benevoles.ch\/\"><img loading=\"lazy\" src=\"http:\/\/avadol.ch\/wp-content\/uploads\/2021\/02\/FCB.jpg\" alt=\"\" width=\"443\" height=\"138\" class=\"aligncenter wp-image-4077 size-full\" \/><\/a><a href=\"https:\/\/www.competences-benevoles.ch\/\">https:\/\/www.competences-benevoles.ch\/<\/a><\/p>\n<p>[\/vc_column_text][\/vc_column][vc_column width=\u00a0\u00bb1\/2&Prime;][\/vc_column][\/vc_row]<\/p>\n","protected":false},"excerpt":{"rendered":"<p>[vc_row][vc_column width=\u00a0\u00bb1\/2&Prime;][vc_column_text] Forum P\u00f4le patients de l\u2019h\u00f4pital du Valais http:\/\/www.hopitalduvalais.ch\/fr\/patients-et\u00a0-visiteurs\/patients\/pole-patient.html[\/vc_column_text][\/vc_column][vc_column width=\u00a0\u00bb1\/2&Prime;][vc_column_text] Oncoreha-vs (Programme valaisan de r\u00e9adaptation oncologique) http:\/\/www.oncoreha-vs.ch\/fr\/ [\/vc_column_text][\/vc_column][\/vc_row][vc_row][vc_column width=\u00a0\u00bb1\/2&Prime;][vc_column_text] R\u00e9seau d\u2019 Entraide Valais :http:\/\/www.revs.ch\/fr\/\u00a0 ( Le programme R\u00e9seau Entraide Valais est une plateforme collaborative qui coordonne les diff\u00e9rentes ressources institutionnelles et associatives valaisannes pour r\u00e9pondre a toute situation de d\u00e9tresse) [\/vc_column_text][\/vc_column][vc_column width=\u00a0\u00bb1\/2&Prime;][vc_column_text] Etat du Valais Service de la pr\u00e9vention de la sant\u00e9 [\/vc_column_text][\/vc_column][\/vc_row][vc_row][vc_column width=\u00a0\u00bb1\/2&Prime;][vc_column_text] Promotion Valais Sant\u00e9 www.promotionsantevalais.ch\/fr\/homepage.html[\/vc_column_text][\/vc_column][vc_column width=\u00a0\u00bb1\/2&Prime;][vc_column_text] Haute Ecole de Sant\u00e9 Valais https:\/\/www.hevs.ch\/fr\/hautes-ecoles\/haute-ecole-de-sante\/ [\/vc_column_text][\/vc_column][\/vc_row][vc_row][vc_column width=\u00a0\u00bb1\/2&Prime;][vc_column_text] https:\/\/www.competences-benevoles.ch\/ [\/vc_column_text][\/vc_column][vc_column width=\u00a0\u00bb1\/2&Prime;][\/vc_column][\/vc_row]<\/p>\n","protected":false},"author":1,"featured_media":0,"parent":0,"menu_order":0,"comment_status":"closed","ping_status":"closed","template":"","meta":[],"_links":{"self":[{"href":"http:\/\/avadol.ch\/index.php?rest_route=\/wp\/v2\/pages\/1842"}],"collection":[{"href":"http:\/\/avadol.ch\/index.php?rest_route=\/wp\/v2\/pages"}],"about":[{"href":"http:\/\/avadol.ch\/index.php?rest_route=\/wp\/v2\/types\/page"}],"author":[{"embeddable":true,"href":"http:\/\/avadol.ch\/index.php?rest_route=\/wp\/v2\/users\/1"}],"replies":[{"embeddable":true,"href":"http:\/\/avadol.ch\/index.php?rest_route=%2Fwp%2Fv2%2Fcomments&post=1842"}],"version-history":[{"count":25,"href":"http:\/\/avadol.ch\/index.php?rest_route=\/wp\/v2\/pages\/1842\/revisions"}],"predecessor-version":[{"id":4078,"href":"http:\/\/avadol.ch\/index.php?rest_route=\/wp\/v2\/pages\/1842\/revisions\/4078"}],"wp:attachment":[{"href":"http:\/\/avadol.ch\/index.php?rest_route=%2Fwp%2Fv2%2Fmedia&parent=1842"}],"curies":[{"name":"wp","href":"https:\/\/api.w.org\/{rel}","templated":true}]}}