{"id":1948,"date":"2018-12-12T10:33:37","date_gmt":"2018-12-12T09:33:37","guid":{"rendered":"http:\/\/avadol.ch\/?page_id=1948"},"modified":"2021-09-25T10:19:31","modified_gmt":"2021-09-25T09:19:31","slug":"petit-journal","status":"publish","type":"page","link":"http:\/\/avadol.ch\/?page_id=1948","title":{"rendered":"Petit journal"},"content":{"rendered":"Vous devez \u00eatre connect\u00e9 pour voir ce contenu.","protected":false},"excerpt":{"rendered":"Vous devez \u00eatre connect\u00e9 pour voir ce contenu.","protected":false},"author":1,"featured_media":0,"parent":0,"menu_order":0,"comment_status":"closed","ping_status":"closed","template":"","meta":[],"_links":{"self":[{"href":"http:\/\/avadol.ch\/index.php?rest_route=\/wp\/v2\/pages\/1948"}],"collection":[{"href":"http:\/\/avadol.ch\/index.php?rest_route=\/wp\/v2\/pages"}],"about":[{"href":"http:\/\/avadol.ch\/index.php?rest_route=\/wp\/v2\/types\/page"}],"author":[{"embeddable":true,"href":"http:\/\/avadol.ch\/index.php?rest_route=\/wp\/v2\/users\/1"}],"replies":[{"embeddable":true,"href":"http:\/\/avadol.ch\/index.php?rest_route=%2Fwp%2Fv2%2Fcomments&post=1948"}],"version-history":[{"count":38,"href":"http:\/\/avadol.ch\/index.php?rest_route=\/wp\/v2\/pages\/1948\/revisions"}],"predecessor-version":[{"id":4224,"href":"http:\/\/avadol.ch\/index.php?rest_route=\/wp\/v2\/pages\/1948\/revisions\/4224"}],"wp:attachment":[{"href":"http:\/\/avadol.ch\/index.php?rest_route=%2Fwp%2Fv2%2Fmedia&parent=1948"}],"curies":[{"name":"wp","href":"https:\/\/api.w.org\/{rel}","templated":true}]}}