{"id":2026,"date":"2018-12-13T11:46:34","date_gmt":"2018-12-13T10:46:34","guid":{"rendered":"http:\/\/avadol.ch\/?page_id=2026"},"modified":"2020-04-02T09:55:32","modified_gmt":"2020-04-02T08:55:32","slug":"emission-tv","status":"publish","type":"page","link":"http:\/\/avadol.ch\/?page_id=2026","title":{"rendered":"Emission TV"},"content":{"rendered":"<p>[vc_row][vc_column width=\u00a0\u00bb1\/2&Prime;][vc_column_text]<\/p>\n<p style=\"text-align: center;\"><img loading=\"lazy\" src=\"http:\/\/avadol.ch\/wp-content\/uploads\/2018\/12\/36-9-magasine-sante-e1544702429254.jpg\" alt=\"\" class=\"aligncenter size-full wp-image-2029\" width=\"400\" height=\"162\" \/><br \/>\n<a href=\"http:\/\/pages.rts.ch\/emissions\/36-9\/9065265-tampons-hygieniques-quels-dangers.html#timeline-anchor-integral-9123270\" target=\"_blank\" rel=\"noopener\"><strong>Voir la vid\u00e9o<\/strong><\/a>[\/vc_column_text][\/vc_column][vc_column width=\u00a0\u00bb1\/2&Prime;][vc_column_text]<\/p>\n<div id=\"WE7f4848ef7f\" class=\"BaseDiv RBoth OEWECadre OESK_WECadre_Default\">\n<div class=\"OESZ OESZ_DivContent OESZG_WE7f4848ef7f\">\n<p class=\"OESZ OESZ_DivContent OESZG_WE6709bf377c\"><strong><span class=\"ContentBox\">La Suisse, les opio\u00efdes et le pi\u00e8ge am\u00e9ricain<br \/>\nL&rsquo;\u00e9mission du 27 d\u00e9cembre 2017<\/span><\/strong><\/p>\n<p class=\"OESZ OESZ_DivContent OESZG_WE6709bf377c\"><span class=\"ContentBox\">Dans un pays o\u00f9, traditionnellement, on se m\u00e9fie des d\u00e9riv\u00e9s de l\u2019opium, la hausse des prescriptions d\u2019opio\u00efdes est surprenant. Elle peut relever d\u2019un rattrapage li\u00e9 \u00e0 une meilleure prise en charge de certaines maladies. Mais il peut aussi s\u2019agir d\u2019une d\u00e9rive. On rappelle que le scandale am\u00e9ricain qui a produit des millions de toxicomanes n\u2019a pas commenc\u00e9 autrement. \u00ab En Suisse, Il y avait clairement un rattrapage \u00e0 faire ; on sous-prescrivait les opiac\u00e9s il y a plusieurs ann\u00e9es. Maintenant, \u00e7a d\u00e9passe compl\u00e8tement le probl\u00e8me des opiac\u00e9s, on est dans un mod\u00e8le m\u00e9dical de consum\u00e9risme \u00bb, souligne Philippe Mavrocordatos, directeur m\u00e9dical et administratif de l\u2019Institut suisse de la douleur. Comment contr\u00f4ler les prescriptions ou utilisations abusives ? Aux explications de sp\u00e9cialistes font \u00e9cho les t\u00e9moignages de personnes souffrant de douleurs chroniques et qui ont \u00e9t\u00e9 amen\u00e9es \u00e0 prendre des opiac\u00e9s sur le long terme.<\/span><\/p>\n<\/div>\n<\/div>\n<p>[\/vc_column_text][\/vc_column][\/vc_row][vc_row][vc_column][vc_separator color=\u00a0\u00bbblack\u00a0\u00bb][\/vc_column][\/vc_row][vc_row][vc_column width=\u00a0\u00bb1\/2&Prime;][vc_column_text]<\/p>\n<p style=\"text-align: center;\"><img loading=\"lazy\" src=\"http:\/\/avadol.ch\/wp-content\/uploads\/2018\/12\/nouvelliste-e1544703886776.jpg\" alt=\"\" class=\"aligncenter size-full wp-image-2032\" width=\"400\" height=\"225\" \/><br \/>\n<a href=\"https:\/\/www.lenouvelliste.ch\/articles\/valais\/canton\/valais-une-clinique-veut-ameliorer-la-qualite-de-vie-des-patients-ayant-traverse-la-maladie-684606?image=1\" target=\"_blank\" rel=\"noopener\"><strong>Voir la vid\u00e9o<\/strong><\/a>[\/vc_column_text][\/vc_column][vc_column width=\u00a0\u00bb1\/2&Prime;][vc_column_text]<\/p>\n<div id=\"WE7f4848ef7f\" class=\"BaseDiv RBoth OEWECadre OESK_WECadre_Default\">\n<div class=\"OESZ OESZ_DivContent OESZG_WE7f4848ef7f\">\n<p class=\"OESZ OESZ_DivContent OESZG_WE6709bf377c\"><strong><span class=\"ContentBox\">SANTE &#8211; Le programme \u00ab\u00a0Catamorphose\u00a0\u00bb, cr\u00e9\u00e9 \u00e0 la clinique bernoise du Haut-Plateau pour am\u00e9liorer la qualit\u00e9 de vie des patients, a \u00e9t\u00e9 pr\u00e9sent\u00e9 \u00e0 la presse mercredi matin. Une trentenaire, souffrant de migraines, a test\u00e9 plusieurs des outils qui seront propos\u00e9s d\u00e8s la fin ao\u00fbt. T\u00e9moignage.\u00a012.07.2017<\/span><\/strong><\/p>\n<p class=\"OESZ OESZ_DivContent OESZG_WE6709bf377c\"><span class=\"ContentBox\">De nombreux patients reconnaissent avoir une meilleure qualit\u00e9 de vie apr\u00e8s avoir travers\u00e9 la maladie. Fort de ce constat, Christophe Rieder, chef du service psychologique de la clinique bernoise de Crans-Montana, a imagin\u00e9 le programme \u00abCatamorphose\u00bb permettant aux patients de transformer une \u00e9preuve en comp\u00e9tence (cf. encadr\u00e9). Si le programme sera lanc\u00e9 \u00e0 la fin ao\u00fbt, des outils sont d\u00e9j\u00e0 d\u00e9velopp\u00e9s \u00e0 la clinique. Comme la m\u00e9ditation ou la respiration.\u00a0<\/span><\/p>\n<\/div>\n<\/div>\n<p>[\/vc_column_text][\/vc_column][\/vc_row][vc_row][vc_column][vc_separator color=\u00a0\u00bbblack\u00a0\u00bb][\/vc_column][\/vc_row][vc_row][vc_column width=\u00a0\u00bb1\/2&Prime;][vc_column_text]<\/p>\n<p style=\"text-align: center;\"><img loading=\"lazy\" src=\"http:\/\/avadol.ch\/wp-content\/uploads\/2018\/12\/unnamed-e1544704730779.png\" alt=\"\" class=\"aligncenter size-full wp-image-2036\" width=\"400\" height=\"195\" \/><br \/>\n<a href=\"https:\/\/www.rts.ch\/play\/tv\/19h30\/video\/lausanne-un-centre-soigne-les-douleurs-chroniques?id=8748706\" target=\"_blank\" rel=\"noopener\"><strong>Voir la vid\u00e9o<\/strong><\/a>[\/vc_column_text][\/vc_column][vc_column width=\u00a0\u00bb1\/2&Prime;][vc_column_text]<\/p>\n<div id=\"WE7f4848ef7f\" class=\"BaseDiv RBoth OEWECadre OESK_WECadre_Default\">\n<div class=\"OESZ OESZ_DivContent OESZG_WE7f4848ef7f\">\n<p class=\"OESZ OESZ_DivContent OESZG_WE6709bf377c\"><strong><span class=\"ContentBox\"><span>Lausanne: un centre soigne les douleurs chroniques<br \/>\nL&rsquo;\u00e9mission du\u00a02 juillet 2017<\/span><\/span><\/strong><\/p>\n<p class=\"OESZ OESZ_DivContent OESZG_WE6709bf377c\"><span class=\"ContentBox\">Ind\u00e9pendant et priv\u00e9, ce centre prend en charge des patients aux douleurs chroniques, comme les douleurs neurologique ou canc\u00e9reuses.<\/span><\/p>\n<\/div>\n<\/div>\n<p>[\/vc_column_text][\/vc_column][\/vc_row][vc_row][vc_column][vc_separator color=\u00a0\u00bbblack\u00a0\u00bb][\/vc_column][\/vc_row][vc_row][vc_column width=\u00a0\u00bb1\/2&Prime;][vc_column_text]<\/p>\n<p style=\"text-align: center;\"><img loading=\"lazy\" src=\"http:\/\/avadol.ch\/wp-content\/uploads\/2018\/12\/9f73bd4d-phpujcpta-e1544704918357.png\" alt=\"\" class=\"aligncenter size-full wp-image-2037\" width=\"400\" height=\"225\" \/><\/p>\n<p style=\"text-align: center;\"><a href=\"https:\/\/Avadol.ch\/wp-content\/uploads\/video\/AlloDocteurs.mp4\" target=\"_blank\" rel=\"noopener\">Voir vid\u00e9o<\/a><\/p>\n<p>[\/vc_column_text][\/vc_column][vc_column width=\u00a0\u00bb1\/2&Prime;][vc_column_text]<\/p>\n<div id=\"WE7f4848ef7f\" class=\"BaseDiv RBoth OEWECadre OESK_WECadre_Default\">\n<div class=\"OESZ OESZ_DivContent OESZG_WE7f4848ef7f\">\n<p class=\"OESZ OESZ_DivContent OESZG_WE6709bf377c\"><strong><span class=\"ContentBox\"><span>Lausanne: un centre soigne les douleurs chroniques<br \/>\nL&rsquo;\u00e9mission du\u00a02 juillet 2017<\/span><\/span><\/strong><\/p>\n<p class=\"OESZ OESZ_DivContent OESZG_WE6709bf377c\"><span class=\"ContentBox\">Ind\u00e9pendant et priv\u00e9, ce centre prend en charge des patients aux douleurs chroniques, comme les douleurs neurologique ou canc\u00e9reuses.<\/span><\/p>\n<\/div>\n<\/div>\n<p>[\/vc_column_text][\/vc_column][\/vc_row][vc_row][vc_column][vc_separator color=\u00a0\u00bbblack\u00a0\u00bb][\/vc_column][\/vc_row][vc_row][vc_column width=\u00a0\u00bb1\/2&Prime;][vc_column_text]<\/p>\n<p style=\"text-align: center;\"><img loading=\"lazy\" src=\"http:\/\/avadol.ch\/wp-content\/uploads\/2018\/12\/Canal9-e1544708368703.png\" alt=\"\" class=\"aligncenter size-full wp-image-2031\" width=\"400\" height=\"201\" \/><\/p>\n<p style=\"text-align: center;\"><a href=\"https:\/\/Avadol.ch\/wp-content\/uploads\/video\/Migraine- a en perdre la tete-.mp4\" target=\"_blank\" rel=\"noopener\">Voir vid\u00e9o<\/a><\/p>\n<p>[\/vc_column_text][\/vc_column][vc_column width=\u00a0\u00bb1\/2&Prime;][vc_column_text]<\/p>\n<div id=\"WE7f4848ef7f\" class=\"BaseDiv RBoth OEWECadre OESK_WECadre_Default\">\n<div class=\"OESZ OESZ_DivContent OESZG_WE7f4848ef7f\">\n<p class=\"OESZ OESZ_DivContent OESZG_WE6709bf377c\"><strong><span class=\"ContentBox\"><span>Migraine a en perdre la t\u00eate<br \/>\nL&rsquo;\u00e9mission du 31 mars 2017\u00a0<\/span><\/span><\/strong><\/p>\n<p class=\"OESZ OESZ_DivContent OESZG_WE6709bf377c\"><span class=\"ContentBox\">Les migraines, qui touchent environ 15% de la population, ne sont pas de simples maux de t\u00eate (que l\u2019on appelle plut\u00f4t des c\u00e9phal\u00e9es): elles sont aujourd\u2019hui reconnues comme des maladies neurologiques handicapantes.<br \/>\nElles empoisonnent carr\u00e9ment la vie de celles et ceux qui en souffrent. Souvent cach\u00e9s dans l\u2019obscurit\u00e9, loin du bruit et de la lumi\u00e8re, les patients migraineux sortent aujourd\u2019hui de l\u2019ombre pour expliquer leurs difficult\u00e9s, le parcours pour obtenir la reconnaissance sociale et les traitements qui fonctionnent pour eux&#8230; Ils confient leurs douleurs et leurs espoirs pour qu\u2019on arr\u00eate de banaliser un jour cette maladie<\/span><\/p>\n<\/div>\n<\/div>\n<p>[\/vc_column_text][\/vc_column][\/vc_row][vc_row][vc_column][vc_separator color=\u00a0\u00bbblack\u00a0\u00bb][\/vc_column][\/vc_row][vc_row][vc_column width=\u00a0\u00bb1\/2&Prime;][vc_column_text]<\/p>\n<p style=\"text-align: center;\"><a href=\"http:\/\/avadol.ch\/wp-content\/uploads\/2018\/12\/Troubles-musculo-squelettiques-un-peu-d-ergonomie-au-travail-permet-d-eviter-bien-des-douleurs.mp4\"><img loading=\"lazy\" src=\"http:\/\/avadol.ch\/wp-content\/uploads\/2018\/12\/Canal9-e1544708368703.png\" alt=\"\" class=\"aligncenter size-full wp-image-2031\" width=\"400\" height=\"201\" \/><\/a><br \/>\n<a href=\"http:\/\/avadol.ch\/wp-content\/uploads\/2018\/12\/Troubles-musculo-squelettiques-un-peu-d-ergonomie-au-travail-permet-d-eviter-bien-des-douleurs.mp4\" target=\"_blank\" rel=\"noopener\">Voir la vid\u00e9o<\/a>[\/vc_column_text][\/vc_column][vc_column width=\u00a0\u00bb1\/2&Prime;][vc_column_text]<\/p>\n<div id=\"WE7f4848ef7f\" class=\"BaseDiv RBoth OEWECadre OESK_WECadre_Default\">\n<div class=\"OESZ OESZ_DivContent OESZG_WE7f4848ef7f\">\n<p class=\"OESZ OESZ_DivContent OESZG_WE6709bf377c\"><strong><span class=\"ContentBox\"><span>Troubles musculo-squelettiques un peu d\u2019ergonomie au travail permet d\u2019\u00e9viter bien des douleurs<br \/>\nL&rsquo;\u00e9mission du 03 Mar, 2017\u00a0<\/span><\/span><\/strong><\/p>\n<p class=\"OESZ OESZ_DivContent OESZG_WE6709bf377c\"><span class=\"ContentBox\">Un travailleur sur cinq est atteint de troubles musculo-squelettiques. C\u2019est la maladie professionnelle<br \/>\nla plus courante en Suisse. Et les personnes travaillant dans un bureau face \u00e0 un ordinateur peuvent \u00eatre \u00a0concern\u00e9es aussi. Extrait du magazine L\u2019ANTIDOTE et interview de Val\u00e9rie Nendaz Solioz, pr\u00e9sidente de la Soci\u00e9t\u00e9 valaisanne d\u2019ost\u00e9opathie.\u00a0Les travailleurs devant \u00e9crans font aussi des troubles musculo-squelettiques, suite \u00e0 des gestes r\u00e9p\u00e9titifs \u00a0dans de mauvaises postures. L\u2019ergonome Olivier Girard encourage les entreprises \u00e0 investir pour sauver des co\u00fbts importants. Pour \u00e9viter les tensions, explique-t-il, il faut am\u00e9nager son poste de travail de fa\u00e7on ergonomique avec un conseil individuel. C\u2019est une politique payante pour l\u2019employeur.<br \/>\n<\/span><\/p>\n<\/div>\n<\/div>\n<p>[\/vc_column_text][\/vc_column][\/vc_row][vc_row][vc_column][vc_separator color=\u00a0\u00bbblack\u00a0\u00bb][\/vc_column][\/vc_row][vc_row][vc_column width=\u00a0\u00bb1\/2&Prime;][vc_column_text]<\/p>\n<p style=\"text-align: center;\"><img loading=\"lazy\" src=\"http:\/\/avadol.ch\/wp-content\/uploads\/2018\/12\/36-9-magasine-sante-e1544702429254.jpg\" alt=\"\" class=\"aligncenter size-full wp-image-2029\" width=\"400\" height=\"162\" \/><\/p>\n<p style=\"text-align: center;\"><a href=\"https:\/\/Avadol.ch\/wp-content\/uploads\/video\/mal de dos en opere trop.mp4\" target=\"_blank\" rel=\"noopener\">Voir vid\u00e9o<\/a><\/p>\n<p>[\/vc_column_text][\/vc_column][vc_column width=\u00a0\u00bb1\/2&Prime;][vc_column_text]<\/p>\n<div id=\"WE7f4848ef7f\" class=\"BaseDiv RBoth OEWECadre OESK_WECadre_Default\">\n<div class=\"OESZ OESZ_DivContent OESZG_WE7f4848ef7f\">\n<p class=\"OESZ OESZ_DivContent OESZG_WE6709bf377c\"><strong><span class=\"ContentBox\"><span>Mal de dos : on op\u00e8re trop<br \/>\nL&rsquo;\u00e9mission du 29 mars 2017\u00a0<\/span><\/span><\/strong><\/p>\n<p class=\"OESZ OESZ_DivContent OESZG_WE6709bf377c\"><span class=\"ContentBox\">En constatant une augmentation de 80% des op\u00e9rations de la hernie discale, on s\u2019interroge: pourquoi une telle augmentation, contraire \u00e0 toutes les recommandations?<\/span><\/p>\n<\/div>\n<\/div>\n<p>[\/vc_column_text][\/vc_column][\/vc_row][vc_row][vc_column][vc_separator color=\u00a0\u00bbblack\u00a0\u00bb][\/vc_column][\/vc_row][vc_row][vc_column width=\u00a0\u00bb1\/2&Prime;][vc_column_text]<\/p>\n<p style=\"text-align: center;\"><img loading=\"lazy\" src=\"http:\/\/avadol.ch\/wp-content\/uploads\/2018\/12\/36-9-magasine-sante-e1544702429254.jpg\" alt=\"\" class=\"aligncenter size-full wp-image-2029\" width=\"400\" height=\"162\" \/><\/p>\n<p style=\"text-align: center;\"><a href=\"https:\/\/Avadol.ch\/wp-content\/uploads\/video\/Pour en finir avec les douleurs chroniques.mp4\" target=\"_blank\" rel=\"noopener\">Voir vid\u00e9o<\/a><\/p>\n<p>[\/vc_column_text][\/vc_column][vc_column width=\u00a0\u00bb1\/2&Prime;][vc_column_text]<\/p>\n<div id=\"WE7f4848ef7f\" class=\"BaseDiv RBoth OEWECadre OESK_WECadre_Default\">\n<div class=\"OESZ OESZ_DivContent OESZG_WE7f4848ef7f\">\n<p class=\"OESZ OESZ_DivContent OESZG_WE6709bf377c\"><strong><span class=\"ContentBox\"><span>Pour en finir avec les douleurs chroniques<br \/>\nL&rsquo;\u00e9mission du \u00a004 novembre 2015<\/span><\/span><\/strong><\/p>\n<p class=\"OESZ OESZ_DivContent OESZG_WE6709bf377c\"><span class=\"ContentBox\">On observe qu\u2019apr\u00e8s une chirurgie orthop\u00e9dique, certaines personnes reprennent leurs activit\u00e9s et m\u00eame le sport exactement comme avant. D\u2019autres en revanche ne r\u00e9cup\u00e8rent pas bien alors m\u00eame que le bilan clinique est normal. Une sorte d\u2019appr\u00e9hension s\u2019installe et ils ne parviennent pas \u00e0 refaire les gestes d\u2019avant. Pourquoi ? La r\u00e9ponse est log\u00e9e dans notre cerveau. Une \u00e9quipe de chercheurs genevois a conduit une recherche totalement in\u00e9dite dans ce domaine. Fran\u00e7oise Ducret et Ventura Samarra les ont rencontr\u00e9s. Qu\u2019il s\u2019agisse de douleurs neuropathiques ou fibromyalgiques, il s\u2019agit l\u00e0 aussi d\u2019aller explorer les circuits de la douleur, de la m\u00e9moire et des \u00e9motions qui sont intimement li\u00e9s dans notre cerveau. L\u00e0 aussi, il s\u2019agit de le r\u00e9\u00e9duquer ! Cette enqu\u00eate passionnante nous \u00e9claire sur l\u2019efficacit\u00e9 des nouveaux outils th\u00e9rapeutique<\/span><\/p>\n<\/div>\n<\/div>\n<p>[\/vc_column_text][\/vc_column][\/vc_row]<\/p>\n","protected":false},"excerpt":{"rendered":"<p>[vc_row][vc_column width=\u00a0\u00bb1\/2&Prime;][vc_column_text] Voir la vid\u00e9o[\/vc_column_text][\/vc_column][vc_column width=\u00a0\u00bb1\/2&Prime;][vc_column_text] La Suisse, les opio\u00efdes et le pi\u00e8ge am\u00e9ricain L&rsquo;\u00e9mission du 27 d\u00e9cembre 2017 Dans un pays o\u00f9, traditionnellement, on se m\u00e9fie des d\u00e9riv\u00e9s de l\u2019opium, la hausse des prescriptions d\u2019opio\u00efdes est surprenant. Elle peut relever d\u2019un rattrapage li\u00e9 \u00e0 une meilleure prise en charge de certaines maladies. Mais il peut aussi s\u2019agir d\u2019une d\u00e9rive. On rappelle que le scandale am\u00e9ricain qui a produit des millions de toxicomanes n\u2019a pas commenc\u00e9 autrement. \u00ab En Suisse, Il y avait clairement un rattrapage \u00e0 faire ; on sous-prescrivait les opiac\u00e9s il y a plusieurs ann\u00e9es. Maintenant, \u00e7a d\u00e9passe compl\u00e8tement le probl\u00e8me des opiac\u00e9s, on est dans un mod\u00e8le m\u00e9dical de consum\u00e9risme \u00bb, souligne Philippe Mavrocordatos, directeur m\u00e9dical et administratif de l\u2019Institut suisse de la douleur. Comment contr\u00f4ler les prescriptions ou utilisations abusives ? Aux explications de sp\u00e9cialistes font \u00e9cho les t\u00e9moignages de personnes souffrant de douleurs chroniques et qui ont \u00e9t\u00e9 amen\u00e9es \u00e0 prendre des opiac\u00e9s sur le long terme. [\/vc_column_text][\/vc_column][\/vc_row][vc_row][vc_column][vc_separator color=\u00a0\u00bbblack\u00a0\u00bb][\/vc_column][\/vc_row][vc_row][vc_column width=\u00a0\u00bb1\/2&Prime;][vc_column_text] Voir la vid\u00e9o[\/vc_column_text][\/vc_column][vc_column width=\u00a0\u00bb1\/2&Prime;][vc_column_text] SANTE &#8211; Le programme \u00ab\u00a0Catamorphose\u00a0\u00bb, cr\u00e9\u00e9 \u00e0 la clinique bernoise du Haut-Plateau pour am\u00e9liorer la qualit\u00e9 de vie des patients, a \u00e9t\u00e9 pr\u00e9sent\u00e9 \u00e0 la presse mercredi matin. Une trentenaire, souffrant de migraines, a test\u00e9 plusieurs des outils qui seront propos\u00e9s d\u00e8s la fin ao\u00fbt. T\u00e9moignage.\u00a012.07.2017 De nombreux patients reconnaissent avoir une meilleure qualit\u00e9 de vie apr\u00e8s avoir travers\u00e9 la maladie. Fort de ce constat, Christophe Rieder, chef du service psychologique de la clinique bernoise de Crans-Montana, a imagin\u00e9 le programme \u00abCatamorphose\u00bb permettant aux patients de transformer une \u00e9preuve en comp\u00e9tence (cf. encadr\u00e9). Si le programme sera lanc\u00e9 \u00e0 la fin ao\u00fbt, des outils sont d\u00e9j\u00e0 d\u00e9velopp\u00e9s \u00e0 la clinique. Comme la m\u00e9ditation ou la respiration.\u00a0 [\/vc_column_text][\/vc_column][\/vc_row][vc_row][vc_column][vc_separator color=\u00a0\u00bbblack\u00a0\u00bb][\/vc_column][\/vc_row][vc_row][vc_column width=\u00a0\u00bb1\/2&Prime;][vc_column_text] Voir la vid\u00e9o[\/vc_column_text][\/vc_column][vc_column width=\u00a0\u00bb1\/2&Prime;][vc_column_text] Lausanne: un centre soigne les douleurs chroniques L&rsquo;\u00e9mission du\u00a02 juillet 2017 Ind\u00e9pendant et priv\u00e9, ce centre prend en charge des patients aux douleurs chroniques, comme les douleurs neurologique ou canc\u00e9reuses. [\/vc_column_text][\/vc_column][\/vc_row][vc_row][vc_column][vc_separator color=\u00a0\u00bbblack\u00a0\u00bb][\/vc_column][\/vc_row][vc_row][vc_column width=\u00a0\u00bb1\/2&Prime;][vc_column_text] Voir vid\u00e9o [\/vc_column_text][\/vc_column][vc_column width=\u00a0\u00bb1\/2&Prime;][vc_column_text] Lausanne: un centre soigne les douleurs chroniques L&rsquo;\u00e9mission du\u00a02 juillet 2017 Ind\u00e9pendant et priv\u00e9, ce centre prend en charge des patients aux douleurs chroniques, comme les douleurs neurologique ou canc\u00e9reuses. [\/vc_column_text][\/vc_column][\/vc_row][vc_row][vc_column][vc_separator color=\u00a0\u00bbblack\u00a0\u00bb][\/vc_column][\/vc_row][vc_row][vc_column width=\u00a0\u00bb1\/2&Prime;][vc_column_text] Voir vid\u00e9o [\/vc_column_text][\/vc_column][vc_column width=\u00a0\u00bb1\/2&Prime;][vc_column_text] Migraine a en perdre la t\u00eate L&rsquo;\u00e9mission du 31 mars 2017\u00a0 Les migraines, qui touchent environ 15% de la population, ne sont pas de simples maux de t\u00eate (que l\u2019on appelle plut\u00f4t des c\u00e9phal\u00e9es): elles sont aujourd\u2019hui reconnues comme des maladies neurologiques handicapantes. Elles empoisonnent carr\u00e9ment la vie de celles et ceux qui en souffrent. Souvent cach\u00e9s dans l\u2019obscurit\u00e9, loin du bruit et de la lumi\u00e8re, les patients migraineux sortent aujourd\u2019hui de l\u2019ombre pour expliquer leurs difficult\u00e9s, le parcours pour obtenir la reconnaissance sociale et les traitements qui fonctionnent pour eux&#8230; Ils confient leurs douleurs et leurs espoirs pour qu\u2019on arr\u00eate de banaliser un jour cette maladie [\/vc_column_text][\/vc_column][\/vc_row][vc_row][vc_column][vc_separator color=\u00a0\u00bbblack\u00a0\u00bb][\/vc_column][\/vc_row][vc_row][vc_column width=\u00a0\u00bb1\/2&Prime;][vc_column_text] Voir la vid\u00e9o[\/vc_column_text][\/vc_column][vc_column width=\u00a0\u00bb1\/2&Prime;][vc_column_text] Troubles musculo-squelettiques un peu d\u2019ergonomie au travail permet d\u2019\u00e9viter bien des douleurs L&rsquo;\u00e9mission du 03 Mar, 2017\u00a0 Un travailleur sur cinq est atteint de troubles musculo-squelettiques. C\u2019est la maladie professionnelle la plus courante en Suisse. Et les personnes travaillant dans un bureau face \u00e0 un ordinateur peuvent \u00eatre \u00a0concern\u00e9es aussi. Extrait du magazine L\u2019ANTIDOTE et interview de Val\u00e9rie Nendaz Solioz, pr\u00e9sidente de la Soci\u00e9t\u00e9 valaisanne d\u2019ost\u00e9opathie.\u00a0Les travailleurs devant \u00e9crans font aussi des troubles musculo-squelettiques, suite \u00e0 des gestes r\u00e9p\u00e9titifs \u00a0dans de mauvaises postures. L\u2019ergonome Olivier Girard encourage les entreprises \u00e0 investir pour sauver des co\u00fbts importants. Pour \u00e9viter les tensions, explique-t-il, il faut am\u00e9nager son poste de travail de fa\u00e7on ergonomique avec un conseil individuel. C\u2019est une politique payante pour l\u2019employeur. [\/vc_column_text][\/vc_column][\/vc_row][vc_row][vc_column][vc_separator color=\u00a0\u00bbblack\u00a0\u00bb][\/vc_column][\/vc_row][vc_row][vc_column width=\u00a0\u00bb1\/2&Prime;][vc_column_text] Voir vid\u00e9o [\/vc_column_text][\/vc_column][vc_column width=\u00a0\u00bb1\/2&Prime;][vc_column_text] Mal de dos : on op\u00e8re trop L&rsquo;\u00e9mission du 29 mars 2017\u00a0 En constatant une augmentation de 80% des op\u00e9rations de la hernie discale, on s\u2019interroge: pourquoi une telle augmentation, contraire \u00e0 toutes les recommandations? [\/vc_column_text][\/vc_column][\/vc_row][vc_row][vc_column][vc_separator color=\u00a0\u00bbblack\u00a0\u00bb][\/vc_column][\/vc_row][vc_row][vc_column width=\u00a0\u00bb1\/2&Prime;][vc_column_text] Voir vid\u00e9o [\/vc_column_text][\/vc_column][vc_column width=\u00a0\u00bb1\/2&Prime;][vc_column_text] Pour en finir avec les douleurs chroniques L&rsquo;\u00e9mission du \u00a004 novembre 2015 On observe qu\u2019apr\u00e8s une chirurgie orthop\u00e9dique, certaines personnes reprennent leurs activit\u00e9s et m\u00eame le sport exactement comme avant. D\u2019autres en revanche ne r\u00e9cup\u00e8rent pas bien alors m\u00eame que le bilan clinique est normal. Une sorte d\u2019appr\u00e9hension s\u2019installe et ils ne parviennent pas \u00e0 refaire les gestes d\u2019avant. Pourquoi ? La r\u00e9ponse est log\u00e9e dans notre cerveau. Une \u00e9quipe de chercheurs genevois a conduit une recherche totalement in\u00e9dite dans ce domaine. Fran\u00e7oise Ducret et Ventura Samarra les ont rencontr\u00e9s. Qu\u2019il s\u2019agisse de douleurs neuropathiques ou fibromyalgiques, il s\u2019agit l\u00e0 aussi d\u2019aller explorer les circuits de la douleur, de la m\u00e9moire et des \u00e9motions qui sont intimement li\u00e9s dans notre cerveau. L\u00e0 aussi, il s\u2019agit de le r\u00e9\u00e9duquer ! Cette enqu\u00eate passionnante nous \u00e9claire sur l\u2019efficacit\u00e9 des nouveaux outils th\u00e9rapeutique [\/vc_column_text][\/vc_column][\/vc_row]<\/p>\n","protected":false},"author":1,"featured_media":0,"parent":0,"menu_order":0,"comment_status":"closed","ping_status":"closed","template":"","meta":[],"_links":{"self":[{"href":"http:\/\/avadol.ch\/index.php?rest_route=\/wp\/v2\/pages\/2026"}],"collection":[{"href":"http:\/\/avadol.ch\/index.php?rest_route=\/wp\/v2\/pages"}],"about":[{"href":"http:\/\/avadol.ch\/index.php?rest_route=\/wp\/v2\/types\/page"}],"author":[{"embeddable":true,"href":"http:\/\/avadol.ch\/index.php?rest_route=\/wp\/v2\/users\/1"}],"replies":[{"embeddable":true,"href":"http:\/\/avadol.ch\/index.php?rest_route=%2Fwp%2Fv2%2Fcomments&post=2026"}],"version-history":[{"count":27,"href":"http:\/\/avadol.ch\/index.php?rest_route=\/wp\/v2\/pages\/2026\/revisions"}],"predecessor-version":[{"id":3754,"href":"http:\/\/avadol.ch\/index.php?rest_route=\/wp\/v2\/pages\/2026\/revisions\/3754"}],"wp:attachment":[{"href":"http:\/\/avadol.ch\/index.php?rest_route=%2Fwp%2Fv2%2Fmedia&parent=2026"}],"curies":[{"name":"wp","href":"https:\/\/api.w.org\/{rel}","templated":true}]}}