{"id":2164,"date":"2018-12-14T11:51:39","date_gmt":"2018-12-14T10:51:39","guid":{"rendered":"http:\/\/avadol.ch\/?page_id=2164"},"modified":"2021-01-18T18:00:47","modified_gmt":"2021-01-18T17:00:47","slug":"photos-et-videos","status":"publish","type":"page","link":"http:\/\/avadol.ch\/?page_id=2164","title":{"rendered":"Photos et vid\u00e9os"},"content":{"rendered":"Vous devez \u00eatre connect\u00e9 pour voir ce contenu.","protected":false},"excerpt":{"rendered":"Vous devez \u00eatre connect\u00e9 pour voir ce contenu.","protected":false},"author":1,"featured_media":0,"parent":0,"menu_order":0,"comment_status":"closed","ping_status":"closed","template":"","meta":[],"_links":{"self":[{"href":"http:\/\/avadol.ch\/index.php?rest_route=\/wp\/v2\/pages\/2164"}],"collection":[{"href":"http:\/\/avadol.ch\/index.php?rest_route=\/wp\/v2\/pages"}],"about":[{"href":"http:\/\/avadol.ch\/index.php?rest_route=\/wp\/v2\/types\/page"}],"author":[{"embeddable":true,"href":"http:\/\/avadol.ch\/index.php?rest_route=\/wp\/v2\/users\/1"}],"replies":[{"embeddable":true,"href":"http:\/\/avadol.ch\/index.php?rest_route=%2Fwp%2Fv2%2Fcomments&post=2164"}],"version-history":[{"count":35,"href":"http:\/\/avadol.ch\/index.php?rest_route=\/wp\/v2\/pages\/2164\/revisions"}],"predecessor-version":[{"id":4031,"href":"http:\/\/avadol.ch\/index.php?rest_route=\/wp\/v2\/pages\/2164\/revisions\/4031"}],"wp:attachment":[{"href":"http:\/\/avadol.ch\/index.php?rest_route=%2Fwp%2Fv2%2Fmedia&parent=2164"}],"curies":[{"name":"wp","href":"https:\/\/api.w.org\/{rel}","templated":true}]}}