{"id":3673,"date":"2020-03-10T14:04:14","date_gmt":"2020-03-10T13:04:14","guid":{"rendered":"http:\/\/avadol.ch\/?page_id=3673"},"modified":"2020-04-02T12:17:20","modified_gmt":"2020-04-02T11:17:20","slug":"definition-symptomes","status":"publish","type":"page","link":"http:\/\/avadol.ch\/?page_id=3673","title":{"rendered":"D\u00e9finition \/ Sympt\u00f4mes"},"content":{"rendered":"<p>[vc_row][vc_column][vc_custom_heading text=\u00a0\u00bbD\u00e9finition\u00a0\u00bb font_container=\u00a0\u00bbtag:h3|font_size:25xp|text_align:center|color:%23000000&Prime; el_class=\u00a0\u00bbbottom-line line-center\u00a0\u00bb][\/vc_column][\/vc_row][vc_row][vc_column][vc_column_text]&nbsp;<\/p>\n<p>La d\u00e9finition officielle de<b> la douleur <\/b>de l\u2019Association internationale pour l\u2019\u00e9tude de la douleur (IASP) est la suivante: \u00ab<em>la douleur est une exp\u00e9rience sensorielle et \u00e9motionnelle d\u00e9sagr\u00e9able, associ\u00e9e \u00e0 une l\u00e9sion tissulaire r\u00e9elle ou potentielle, ou d\u00e9crite en ces termes.<\/em>\u00bb Cette d\u00e9finition met l\u2019accent sur l\u2019aspect subjectif de la sensation nociceptive et sur le fait qu\u2019une l\u00e9sion n\u2019est pas toujours pr\u00e9sente. En r\u00e9sum\u00e9, la douleur est une exp\u00e9rience complexe, qui est variable d\u2019un individu \u00e0 l\u2019autre et d\u2019un instant \u00e0 l\u2019autre et qui a des cons\u00e9quences comportementales, cognitives et \u00e9motionnelles.<\/p>\n<p>On peut classifier la douleur selon son \u00e9volution:<\/p>\n<ul>\n<li>Douleur <b>aigue<\/b>: la douleur est un sympt\u00f4me, d\u00e9clench\u00e9 par le syst\u00e8me nerveux afin d\u2019alarmer l\u2019organisme. Cette douleur est de courte dur\u00e9e, de quelques jours \u00e0 quelques semaines.<\/li>\n<\/ul>\n<ul>\n<li>Douleur <b>chronique<\/b>: une douleur qui persiste dans le temps et qui r\u00e9siste aux traitements est d\u00e9finie comme chronique. On parle de chronique par rapport \u00e0 la dur\u00e9e de la douleur, &gt; 3 mois. La douleur peut \u00eatre constante ou r\u00e9currente (par exemple survenir par crises), elle peut \u00e9galement varier en intensit\u00e9 au cours de la journ\u00e9e ou de la semaine. En 2019, l\u2019OMS a ajout\u00e9 le diagnostic de douleur chronique dans la nouvelle \u00e9dition de la classification des maladies (CIM-11). Cette classification divise la douleur chronique en deux <a href=\"http:\/\/avadol.ch\/wp-content\/uploads\/2020\/03\/Image1-e1583916277455.png\"><img loading=\"lazy\" src=\"http:\/\/avadol.ch\/wp-content\/uploads\/2020\/03\/Image1-e1583916277455.png\" alt=\"\" width=\"583\" height=\"372\" class=\" wp-image-3689 alignright\" srcset=\"http:\/\/avadol.ch\/wp-content\/uploads\/2020\/03\/Image1-e1583916277455.png 1163w, http:\/\/avadol.ch\/wp-content\/uploads\/2020\/03\/Image1-e1583916277455-768x490.png 768w\" sizes=\"(max-width: 583px) 100vw, 583px\" \/><\/a>groupes: la douleur chronique primaire et la douleur chronique secondaire. La douleur chronique primaire est consid\u00e9r\u00e9e comme une maladie en soi, qui induit une invalidit\u00e9 et une d\u00e9tresse \u00e9motionnelle. Pour citer quelques exemples, il y a dans cette cat\u00e9gorie les douleurs g\u00e9n\u00e9ralis\u00e9es (fibromyalgie, lombalgies non sp\u00e9cifiques, syndrome douloureux r\u00e9gional complexe, etc); les douleurs musculo-squelettiques; les affections primaires telles que le syndrome du colon irritable; etc. La douleur chronique secondaire est un sympt\u00f4me d\u2019une maladie sous-jacente. Pour citer quelques exemples, dans cette cat\u00e9gorie il y a les douleurs chroniques li\u00e9es au cancer, les douleurs post-chirurgicales ou post-traumatiques, les douleurs neuropathiques, les c\u00e9phal\u00e9es et douleurs orofaciales; etc.<\/li>\n<\/ul>\n<p>&nbsp;<\/p>\n<p>La douleur chronique, toutes pathologies confondues, affecte environ 20% de la population adulte en Europe (Breivik, 2012).<\/p>\n<p>&nbsp;[\/vc_column_text][\/vc_column][\/vc_row][vc_row][vc_column][vc_separator color=\u00a0\u00bbblack\u00a0\u00bb el_width=\u00a0\u00bb60&Prime;][\/vc_column][\/vc_row][vc_row][vc_column][vc_custom_heading text=\u00a0\u00bbSympt\u00f4mes\u00a0\u00bb font_container=\u00a0\u00bbtag:h3|font_size:25xp|text_align:center|color:%23000000&Prime; el_class=\u00a0\u00bbbottom-line line-center\u00a0\u00bb][\/vc_column][\/vc_row][vc_row][vc_column][vc_column_text]&nbsp;<\/p>\n<p>La douleur chronique est une maladie grave et invalidante, qui a des cons\u00e9quences multiples sur la vie quotidienne.<\/p>\n<p>Les sympt\u00f4mes li\u00e9s \u00e0 la douleur peuvent \u00eatre vari\u00e9s. Pour cette raison le patient devra d\u00e9crire \u00e0 son th\u00e9rapeute\/soignant:<\/p>\n<ul>\n<li>la\/les zone\/s douloureuse\/s;<\/li>\n<li>depuis quand la douleur est pr\u00e9sente;<\/li>\n<li>qu\u2019est-ce qu\u2019il ressent exactement (picotements, br\u00fblures, coup de poignard, douleur en \u00e9tau, d\u00e9charges \u00e9lectriques, etc);<a href=\"http:\/\/avadol.ch\/wp-content\/uploads\/2020\/03\/Image2.png\"><img loading=\"lazy\" src=\"http:\/\/avadol.ch\/wp-content\/uploads\/2020\/03\/Image2.png\" alt=\"\" width=\"525\" height=\"315\" class=\" wp-image-3690 alignright\" srcset=\"http:\/\/avadol.ch\/wp-content\/uploads\/2020\/03\/Image2.png 967w, http:\/\/avadol.ch\/wp-content\/uploads\/2020\/03\/Image2-768x461.png 768w\" sizes=\"(max-width: 525px) 100vw, 525px\" \/><\/a><\/li>\n<li>l\u2019intensit\u00e9;<\/li>\n<li>les facteurs qui d\u00e9clenchent ou augmentent les douleurs (le mouvement, le stress, le froid, etc);<\/li>\n<li>les traitements d\u00e9j\u00e0 essay\u00e9s;<\/li>\n<li>etc.<\/li>\n<\/ul>\n<p>&nbsp;<\/p>\n<p>Les cons\u00e9quences sur la vie quotidienne peuvent \u00eatre d\u2019ordre biologiques, psychologiques et\/ou sociales. La douleur chronique perturbe le sommeil, le syst\u00e8me immunitaire, la fonction cardio-vasculaire (hypertension art\u00e9rielle), la fonction musculo-squelettique (atrophie musculaire) et encore \u00e9galement l\u2019alimentation. Ces perturbations vont avoir \u00e0 long terme des cons\u00e9quences sur la sant\u00e9 des patients. La douleur au quotidien va \u00e9galement engendrer de l\u2019anxi\u00e9t\u00e9, de la d\u00e9tresse \u00e9motionnelle, des perturbations cognitives (attention, m\u00e9moire, raisonnement) et du stress, ce qui a des cons\u00e9quences \u00e0 long terme sur la sant\u00e9 psychique et psychologique des patients. De plus, l\u2019invalidit\u00e9 entra\u00eene parfois un retrait de la vie professionnelle et un abandon forc\u00e9 des activit\u00e9s sportives et de loisirs. Ce qui va cr\u00e9er un certain isolement social. Ces trois grandes cat\u00e9gories de cons\u00e9quences: biologiques, psychologiques et sociales; interagissent \u00e9galement les unes avec les autres. Par exemple, la douleur entraine des insomnies, qui en retour vont induire plus d\u2019anxi\u00e9t\u00e9 et de douleurs.[\/vc_column_text][\/vc_column][\/vc_row][vc_row][vc_column][vc_separator color=\u00a0\u00bbblack\u00a0\u00bb][\/vc_column][\/vc_row][vc_row][vc_column][vc_column_text]<em><strong>Bibliographie<\/strong><br \/>\n<\/em><em>-Breivik, H. et al. (2012) Survey of chronic pain in Europe: Prevalence, impact on daily life and treatment. Eur J Pain. <b><a href=\"https:\/\/doi.org\/10.1016\/j.ejpain.2005.06.009\">https:\/\/doi.org\/10.1016\/j.ejpain.2005.06.009<\/a><br \/>\n<\/b><\/em><em>-Les douleurs chroniques et rebelles, Suzy Soumaille, \u00e9ditions Plan\u00e8te Sant\u00e9<br \/>\n<\/em><em>-Dayer, CF, Luthi, F, Le Carre, J, Vuistiner, P, Terrier, P, Benaim, C., Giacobino, JP &amp; Leger, B (2019) Differences in the miRNA signatures of chronic musculoskeletal pain patients from neuropathic or nociceptive origins. PLOS ONE\u00a0: 14(7): e0219311. https:\/\/doi.org\/10.1371\/journal.pone.0219311<\/em>[\/vc_column_text][\/vc_column][\/vc_row]<\/p>\n","protected":false},"excerpt":{"rendered":"<p>[vc_row][vc_column][vc_custom_heading text=\u00a0\u00bbD\u00e9finition\u00a0\u00bb font_container=\u00a0\u00bbtag:h3|font_size:25xp|text_align:center|color:%23000000&Prime; el_class=\u00a0\u00bbbottom-line line-center\u00a0\u00bb][\/vc_column][\/vc_row][vc_row][vc_column][vc_column_text]&nbsp; La d\u00e9finition officielle de la douleur de l\u2019Association internationale pour l\u2019\u00e9tude de la douleur (IASP) est la suivante: \u00abla douleur est une exp\u00e9rience sensorielle et \u00e9motionnelle d\u00e9sagr\u00e9able, associ\u00e9e \u00e0 une l\u00e9sion tissulaire r\u00e9elle ou potentielle, ou d\u00e9crite en ces termes.\u00bb Cette d\u00e9finition met l\u2019accent sur l\u2019aspect subjectif de la sensation nociceptive et sur le fait qu\u2019une l\u00e9sion n\u2019est pas toujours pr\u00e9sente. En r\u00e9sum\u00e9, la douleur est une exp\u00e9rience complexe, qui est variable d\u2019un individu \u00e0 l\u2019autre et d\u2019un instant \u00e0 l\u2019autre et qui a des cons\u00e9quences comportementales, cognitives et \u00e9motionnelles. On peut classifier la douleur selon son \u00e9volution: Douleur aigue: la douleur est un sympt\u00f4me, d\u00e9clench\u00e9 par le syst\u00e8me nerveux afin d\u2019alarmer l\u2019organisme. Cette douleur est de courte dur\u00e9e, de quelques jours \u00e0 quelques semaines. Douleur chronique: une douleur qui persiste dans le temps et qui r\u00e9siste aux traitements est d\u00e9finie comme chronique. On parle de chronique par rapport \u00e0 la dur\u00e9e de la douleur, &gt; 3 mois. La douleur peut \u00eatre constante ou r\u00e9currente (par exemple survenir par crises), elle peut \u00e9galement varier en intensit\u00e9 au cours de la journ\u00e9e ou de la semaine. En 2019, l\u2019OMS a ajout\u00e9 le diagnostic de douleur chronique dans la nouvelle \u00e9dition de la classification des maladies (CIM-11). Cette classification divise la douleur chronique en deux groupes: la douleur chronique primaire et la douleur chronique secondaire. La douleur chronique primaire est consid\u00e9r\u00e9e comme une maladie en soi, qui induit une invalidit\u00e9 et une d\u00e9tresse \u00e9motionnelle. Pour citer quelques exemples, il y a dans cette cat\u00e9gorie les douleurs g\u00e9n\u00e9ralis\u00e9es (fibromyalgie, lombalgies non sp\u00e9cifiques, syndrome douloureux r\u00e9gional complexe, etc); les douleurs musculo-squelettiques; les affections primaires telles que le syndrome du colon irritable; etc. La douleur chronique secondaire est un sympt\u00f4me d\u2019une maladie sous-jacente. Pour citer quelques exemples, dans cette cat\u00e9gorie il y a les douleurs chroniques li\u00e9es au cancer, les douleurs post-chirurgicales ou post-traumatiques, les douleurs neuropathiques, les c\u00e9phal\u00e9es et douleurs orofaciales; etc. &nbsp; La douleur chronique, toutes pathologies confondues, affecte environ 20% de la population adulte en Europe (Breivik, 2012). &nbsp;[\/vc_column_text][\/vc_column][\/vc_row][vc_row][vc_column][vc_separator color=\u00a0\u00bbblack\u00a0\u00bb el_width=\u00a0\u00bb60&Prime;][\/vc_column][\/vc_row][vc_row][vc_column][vc_custom_heading text=\u00a0\u00bbSympt\u00f4mes\u00a0\u00bb font_container=\u00a0\u00bbtag:h3|font_size:25xp|text_align:center|color:%23000000&Prime; el_class=\u00a0\u00bbbottom-line line-center\u00a0\u00bb][\/vc_column][\/vc_row][vc_row][vc_column][vc_column_text]&nbsp; La douleur chronique est une maladie grave et invalidante, qui a des cons\u00e9quences multiples sur la vie quotidienne. Les sympt\u00f4mes li\u00e9s \u00e0 la douleur peuvent \u00eatre vari\u00e9s. Pour cette raison le patient devra d\u00e9crire \u00e0 son th\u00e9rapeute\/soignant: la\/les zone\/s douloureuse\/s; depuis quand la douleur est pr\u00e9sente; qu\u2019est-ce qu\u2019il ressent exactement (picotements, br\u00fblures, coup de poignard, douleur en \u00e9tau, d\u00e9charges \u00e9lectriques, etc); l\u2019intensit\u00e9; les facteurs qui d\u00e9clenchent ou augmentent les douleurs (le mouvement, le stress, le froid, etc); les traitements d\u00e9j\u00e0 essay\u00e9s; etc. &nbsp; Les cons\u00e9quences sur la vie quotidienne peuvent \u00eatre d\u2019ordre biologiques, psychologiques et\/ou sociales. La douleur chronique perturbe le sommeil, le syst\u00e8me immunitaire, la fonction cardio-vasculaire (hypertension art\u00e9rielle), la fonction musculo-squelettique (atrophie musculaire) et encore \u00e9galement l\u2019alimentation. Ces perturbations vont avoir \u00e0 long terme des cons\u00e9quences sur la sant\u00e9 des patients. La douleur au quotidien va \u00e9galement engendrer de l\u2019anxi\u00e9t\u00e9, de la d\u00e9tresse \u00e9motionnelle, des perturbations cognitives (attention, m\u00e9moire, raisonnement) et du stress, ce qui a des cons\u00e9quences \u00e0 long terme sur la sant\u00e9 psychique et psychologique des patients. De plus, l\u2019invalidit\u00e9 entra\u00eene parfois un retrait de la vie professionnelle et un abandon forc\u00e9 des activit\u00e9s sportives et de loisirs. Ce qui va cr\u00e9er un certain isolement social. Ces trois grandes cat\u00e9gories de cons\u00e9quences: biologiques, psychologiques et sociales; interagissent \u00e9galement les unes avec les autres. Par exemple, la douleur entraine des insomnies, qui en retour vont induire plus d\u2019anxi\u00e9t\u00e9 et de douleurs.[\/vc_column_text][\/vc_column][\/vc_row][vc_row][vc_column][vc_separator color=\u00a0\u00bbblack\u00a0\u00bb][\/vc_column][\/vc_row][vc_row][vc_column][vc_column_text]Bibliographie -Breivik, H. et al. (2012) Survey of chronic pain in Europe: Prevalence, impact on daily life and treatment. Eur J Pain. https:\/\/doi.org\/10.1016\/j.ejpain.2005.06.009 -Les douleurs chroniques et rebelles, Suzy Soumaille, \u00e9ditions Plan\u00e8te Sant\u00e9 -Dayer, CF, Luthi, F, Le Carre, J, Vuistiner, P, Terrier, P, Benaim, C., Giacobino, JP &amp; Leger, B (2019) Differences in the miRNA signatures of chronic musculoskeletal pain patients from neuropathic or nociceptive origins. PLOS ONE\u00a0: 14(7): e0219311. https:\/\/doi.org\/10.1371\/journal.pone.0219311[\/vc_column_text][\/vc_column][\/vc_row]<\/p>\n","protected":false},"author":3,"featured_media":0,"parent":0,"menu_order":0,"comment_status":"closed","ping_status":"closed","template":"","meta":[],"_links":{"self":[{"href":"http:\/\/avadol.ch\/index.php?rest_route=\/wp\/v2\/pages\/3673"}],"collection":[{"href":"http:\/\/avadol.ch\/index.php?rest_route=\/wp\/v2\/pages"}],"about":[{"href":"http:\/\/avadol.ch\/index.php?rest_route=\/wp\/v2\/types\/page"}],"author":[{"embeddable":true,"href":"http:\/\/avadol.ch\/index.php?rest_route=\/wp\/v2\/users\/3"}],"replies":[{"embeddable":true,"href":"http:\/\/avadol.ch\/index.php?rest_route=%2Fwp%2Fv2%2Fcomments&post=3673"}],"version-history":[{"count":6,"href":"http:\/\/avadol.ch\/index.php?rest_route=\/wp\/v2\/pages\/3673\/revisions"}],"predecessor-version":[{"id":3767,"href":"http:\/\/avadol.ch\/index.php?rest_route=\/wp\/v2\/pages\/3673\/revisions\/3767"}],"wp:attachment":[{"href":"http:\/\/avadol.ch\/index.php?rest_route=%2Fwp%2Fv2%2Fmedia&parent=3673"}],"curies":[{"name":"wp","href":"https:\/\/api.w.org\/{rel}","templated":true}]}}