{"id":3722,"date":"2020-04-01T14:38:34","date_gmt":"2020-04-01T13:38:34","guid":{"rendered":"http:\/\/avadol.ch\/?page_id=3722"},"modified":"2020-08-18T11:07:03","modified_gmt":"2020-08-18T10:07:03","slug":"article-de-presse","status":"publish","type":"page","link":"http:\/\/avadol.ch\/?page_id=3722","title":{"rendered":"Article de presse sur avadol"},"content":{"rendered":"<p>[vc_row][vc_column width=\u00a0\u00bb1\/2&Prime;][vc_column_text]<\/p>\n<p style=\"text-align: center;\"><a href=\"http:\/\/avadol.ch\/wp-content\/uploads\/2020\/04\/Article-Carrefour-My-mars-2020.pdf\"><\/a><a href=\"https:\/\/synchro.click\/l-actu\/une-association-pour-mieux-vivre-la-douleur-chronique\/\"><img loading=\"lazy\" src=\"http:\/\/avadol.ch\/wp-content\/uploads\/2020\/08\/AVADOL2-1536x1082.jpg\" alt=\"\" width=\"1536\" height=\"1082\" class=\"aligncenter wp-image-3941 size-full\" srcset=\"http:\/\/avadol.ch\/wp-content\/uploads\/2020\/08\/AVADOL2-1536x1082.jpg 1536w, http:\/\/avadol.ch\/wp-content\/uploads\/2020\/08\/AVADOL2-1536x1082-100x70.jpg 100w, http:\/\/avadol.ch\/wp-content\/uploads\/2020\/08\/AVADOL2-1536x1082-768x541.jpg 768w\" sizes=\"(max-width: 1536px) 100vw, 1536px\" \/><\/a><a href=\"https:\/\/synchro.click\/l-actu\/une-association-pour-mieux-vivre-la-douleur-chronique\/\">Lire l&rsquo;article<\/a><\/p>\n<p>[\/vc_column_text][\/vc_column][vc_column width=\u00a0\u00bb1\/2&Prime;][vc_column_text]<\/p>\n<p class=\"oesz\"><b><a href=\"https:\/\/synchro.click\/l-actu\/une-association-pour-mieux-vivre-la-douleur-chronique\/\">Une association pour mieux vivre la douleur chronique<\/a><br \/>\n<\/b><span class=\"contentbox\">Synchro.click, par Romy Moret<\/span><o:p><\/o:p><\/p>\n<p><span>S\u2019ils viennent d\u2019endroits diff\u00e9rents et n\u2019ont pas forc\u00e9ment le m\u00eame \u00e2ge, ils souffrent n\u00e9anmoins tous de douleur chronique. Au travers de leur exp\u00e9rience et de leur cheminement personnel, chacun a quelque chose \u00e0 apporter \u00e0 l\u2019autre. Gr\u00e2ce aux groupes de parole propos\u00e9s par l\u2019association Avadol,\u00a0<\/span><strong>Robert, Sandra, Marie-Jeanne, C\u00e9line, Marie-Pascale et Steve<\/strong><span>\u00a0puisent la force, le courage et certains outils afin de mieux vivre au quotidien avec leur douleur. Ils y trouvent surtout la compr\u00e9hension, l\u2019\u00e9coute et surtout l\u2019absence de jugement&#8230;<\/span><\/p>\n<p>&nbsp;[\/vc_column_text][\/vc_column][\/vc_row][vc_row][vc_column][vc_separator color=\u00a0\u00bbblack\u00a0\u00bb][\/vc_column][\/vc_row][vc_row][vc_column width=\u00a0\u00bb1\/2&Prime;][vc_column_text]<\/p>\n<p style=\"text-align: center;\"><a href=\"http:\/\/avadol.ch\/wp-content\/uploads\/2020\/01\/article-ouverture-avadol-nouvelliste.pdf\"><\/a><a href=\"http:\/\/avadol.ch\/wp-content\/uploads\/2020\/04\/Article-Carrefour-My-mars-2020.pdf\"><img loading=\"lazy\" src=\"http:\/\/avadol.ch\/wp-content\/uploads\/2020\/04\/Le-carrefour.jpg\" alt=\"\" width=\"792\" height=\"285\" class=\"aligncenter wp-image-3811 size-full\" srcset=\"http:\/\/avadol.ch\/wp-content\/uploads\/2020\/04\/Le-carrefour.jpg 792w, http:\/\/avadol.ch\/wp-content\/uploads\/2020\/04\/Le-carrefour-768x276.jpg 768w\" sizes=\"(max-width: 792px) 100vw, 792px\" \/><\/a><a href=\"http:\/\/avadol.ch\/wp-content\/uploads\/2020\/04\/Article-Carrefour-My-mars-2020.pdf\"><\/a><\/p>\n<p style=\"text-align: center;\"><a href=\"http:\/\/avadol.ch\/wp-content\/uploads\/2020\/04\/Article-Carrefour-My-mars-2020.pdf\">Lire l&rsquo;article<\/a><\/p>\n<p>[\/vc_column_text][\/vc_column][vc_column width=\u00a0\u00bb1\/2&Prime;][vc_column_text]<\/p>\n<p class=\"oesz\"><a href=\"http:\/\/avadol.ch\/wp-content\/uploads\/2020\/04\/Article-Carrefour-My-mars-2020.pdf\"><span class=\"contentbox\"><b>Des groupes pour mieux vivre la douleur<\/b><\/span><\/a><b><br \/>\n<\/b><span class=\"contentbox\">Journal Carrefour, mars 2020, par Romy Moret<\/span><o:p><\/o:p><\/p>\n<p class=\"oesz\"><span class=\"contentbox\">L&rsquo;association AVADOL propose des groupes de parole dont un \u00e0 Martigny une fois par mois afin d&rsquo;offrir un espace de partage \u00e0 toute personne vivant dans la douleur chronique. N\u00e9e en mars 2014, l&rsquo;association bas\u00e9e \u00e0 Sion poursuite sa mission de soutien au travers de ses groupes, ateliers et sa permanence t\u00e9l\u00e9phonique dans le but de donner les cl\u00e9s d&rsquo;une meilleure gestion de la douleur.<\/span><o:p><\/o:p><\/p>\n<p>[\/vc_column_text][\/vc_column][\/vc_row][vc_row][vc_column][vc_separator color=\u00a0\u00bbblack\u00a0\u00bb][\/vc_column][\/vc_row][vc_row][vc_column width=\u00a0\u00bb1\/2&Prime;][vc_column_text]<a href=\"http:\/\/avadol.ch\/wp-content\/uploads\/2020\/01\/photo-nouvelliste-d\u00e9but-avadol.jpg\"><img loading=\"lazy\" src=\"http:\/\/avadol.ch\/wp-content\/uploads\/2020\/01\/photo-nouvelliste-d\u00e9but-avadol.jpg\" alt=\"\" width=\"831\" height=\"463\" class=\"aligncenter size-full wp-image-3633\" srcset=\"http:\/\/avadol.ch\/wp-content\/uploads\/2020\/01\/photo-nouvelliste-d\u00e9but-avadol.jpg 831w, http:\/\/avadol.ch\/wp-content\/uploads\/2020\/01\/photo-nouvelliste-d\u00e9but-avadol-768x428.jpg 768w\" sizes=\"(max-width: 831px) 100vw, 831px\" \/><\/a><\/p>\n<p style=\"text-align: center;\"><a href=\"http:\/\/avadol.ch\/wp-content\/uploads\/2020\/01\/article-ouverture-avadol-nouvelliste.pdf\">Lire l&rsquo;article<\/a><\/p>\n<p>[\/vc_column_text][\/vc_column][vc_column width=\u00a0\u00bb1\/2&Prime;][vc_column_text]<\/p>\n<p class=\"oesz\"><span class=\"contentbox\"><b>Pour apprivoiser sa douleur<\/b><\/span><b><br \/>\n<\/b><span class=\"contentbox\">Article du Nouvelliste du 14.03.2014<\/span><o:p><\/o:p><\/p>\n<p class=\"oesz\"><span class=\"contentbox\">Article paru lors du lancement d&rsquo;Avadol en 2014. Il explique comment et pourquoi Marie-Pascale Pellissier, Pr\u00e9sidente et fondatrice, a d\u00e9cid\u00e9 de cr\u00e9er cette association.\u00a0<\/span><o:p><\/o:p><\/p>\n<p>[\/vc_column_text][\/vc_column][\/vc_row]<\/p>\n","protected":false},"excerpt":{"rendered":"<p>[vc_row][vc_column width=\u00a0\u00bb1\/2&Prime;][vc_column_text] Lire l&rsquo;article [\/vc_column_text][\/vc_column][vc_column width=\u00a0\u00bb1\/2&Prime;][vc_column_text] Une association pour mieux vivre la douleur chronique Synchro.click, par Romy Moret S\u2019ils viennent d\u2019endroits diff\u00e9rents et n\u2019ont pas forc\u00e9ment le m\u00eame \u00e2ge, ils souffrent n\u00e9anmoins tous de douleur chronique. Au travers de leur exp\u00e9rience et de leur cheminement personnel, chacun a quelque chose \u00e0 apporter \u00e0 l\u2019autre. Gr\u00e2ce aux groupes de parole propos\u00e9s par l\u2019association Avadol,\u00a0Robert, Sandra, Marie-Jeanne, C\u00e9line, Marie-Pascale et Steve\u00a0puisent la force, le courage et certains outils afin de mieux vivre au quotidien avec leur douleur. Ils y trouvent surtout la compr\u00e9hension, l\u2019\u00e9coute et surtout l\u2019absence de jugement&#8230; &nbsp;[\/vc_column_text][\/vc_column][\/vc_row][vc_row][vc_column][vc_separator color=\u00a0\u00bbblack\u00a0\u00bb][\/vc_column][\/vc_row][vc_row][vc_column width=\u00a0\u00bb1\/2&Prime;][vc_column_text] Lire l&rsquo;article [\/vc_column_text][\/vc_column][vc_column width=\u00a0\u00bb1\/2&Prime;][vc_column_text] Des groupes pour mieux vivre la douleur Journal Carrefour, mars 2020, par Romy Moret L&rsquo;association AVADOL propose des groupes de parole dont un \u00e0 Martigny une fois par mois afin d&rsquo;offrir un espace de partage \u00e0 toute personne vivant dans la douleur chronique. N\u00e9e en mars 2014, l&rsquo;association bas\u00e9e \u00e0 Sion poursuite sa mission de soutien au travers de ses groupes, ateliers et sa permanence t\u00e9l\u00e9phonique dans le but de donner les cl\u00e9s d&rsquo;une meilleure gestion de la douleur. [\/vc_column_text][\/vc_column][\/vc_row][vc_row][vc_column][vc_separator color=\u00a0\u00bbblack\u00a0\u00bb][\/vc_column][\/vc_row][vc_row][vc_column width=\u00a0\u00bb1\/2&Prime;][vc_column_text] Lire l&rsquo;article [\/vc_column_text][\/vc_column][vc_column width=\u00a0\u00bb1\/2&Prime;][vc_column_text] Pour apprivoiser sa douleur Article du Nouvelliste du 14.03.2014 Article paru lors du lancement d&rsquo;Avadol en 2014. Il explique comment et pourquoi Marie-Pascale Pellissier, Pr\u00e9sidente et fondatrice, a d\u00e9cid\u00e9 de cr\u00e9er cette association.\u00a0 [\/vc_column_text][\/vc_column][\/vc_row]<\/p>\n","protected":false},"author":3,"featured_media":0,"parent":0,"menu_order":0,"comment_status":"closed","ping_status":"closed","template":"","meta":[],"_links":{"self":[{"href":"http:\/\/avadol.ch\/index.php?rest_route=\/wp\/v2\/pages\/3722"}],"collection":[{"href":"http:\/\/avadol.ch\/index.php?rest_route=\/wp\/v2\/pages"}],"about":[{"href":"http:\/\/avadol.ch\/index.php?rest_route=\/wp\/v2\/types\/page"}],"author":[{"embeddable":true,"href":"http:\/\/avadol.ch\/index.php?rest_route=\/wp\/v2\/users\/3"}],"replies":[{"embeddable":true,"href":"http:\/\/avadol.ch\/index.php?rest_route=%2Fwp%2Fv2%2Fcomments&post=3722"}],"version-history":[{"count":8,"href":"http:\/\/avadol.ch\/index.php?rest_route=\/wp\/v2\/pages\/3722\/revisions"}],"predecessor-version":[{"id":3942,"href":"http:\/\/avadol.ch\/index.php?rest_route=\/wp\/v2\/pages\/3722\/revisions\/3942"}],"wp:attachment":[{"href":"http:\/\/avadol.ch\/index.php?rest_route=%2Fwp%2Fv2%2Fmedia&parent=3722"}],"curies":[{"name":"wp","href":"https:\/\/api.w.org\/{rel}","templated":true}]}}