{"id":3725,"date":"2020-04-01T14:39:15","date_gmt":"2020-04-01T13:39:15","guid":{"rendered":"http:\/\/avadol.ch\/?page_id=3725"},"modified":"2021-02-06T11:36:40","modified_gmt":"2021-02-06T10:36:40","slug":"emission-tv-sur-avadol","status":"publish","type":"page","link":"http:\/\/avadol.ch\/?page_id=3725","title":{"rendered":"Emission TV sur avadol"},"content":{"rendered":"<p>[vc_row][vc_column width=\u00a0\u00bb1\/2&Prime;][vc_column_text]<a href=\"https:\/\/pages.rts.ch\/emissions\/temps-present\/11824727-dans-les-bras-de-morphine-28-01-2021.html?anchor=11932937#11932937\"><img loading=\"lazy\" src=\"http:\/\/avadol.ch\/wp-content\/uploads\/2021\/02\/Temps-present.png\" alt=\"\" width=\"480\" height=\"270\" class=\"aligncenter wp-image-4053 size-full\" \/><\/a>[\/vc_column_text][\/vc_column][vc_column width=\u00a0\u00bb1\/2&Prime;][vc_column_text]<span class=\"ContentBox\"><span><strong><a href=\"https:\/\/pages.rts.ch\/emissions\/temps-present\/11824727-dans-les-bras-de-morphine-28-01-2021.html?anchor=11932937#11932937\">Dans les bras de morphine<\/a><br \/>\n<\/strong>Temps pr\u00e9sent, RTS, 28 janvier 2021<\/span><\/span><\/p>\n<p><span>En Suisse, le nombre de patients accrocs aux antidouleurs ne cesse d&rsquo;augmenter, alors que leur efficacit\u00e9 \u00e0 long terme est remise en cause. La situation alarme de plus en plus de m\u00e9decins. Si la situation n&rsquo;est pas aussi grave qu&rsquo;aux Etats-Unis, o\u00f9 les overdoses d&rsquo;opio\u00efdes sont la premi\u00e8re cause de mortalit\u00e9, elle suscite chez nous aussi des drames humains et la n\u00e9cessit\u00e9 de repenser la prise en charge des douleurs chroniques. Cette crise interroge aussi sur les m\u00e9thodes de marketing de la pharma.<\/span>[\/vc_column_text][\/vc_column][\/vc_row][vc_row][vc_column][vc_empty_space][vc_separator color=\u00a0\u00bbblack\u00a0\u00bb][\/vc_column][\/vc_row][vc_row][vc_column width=\u00a0\u00bb1\/2&Prime;][vc_column_text]<video width=\"640\" height=\"360\" controls=\"controls\" webkitallowfullscreen=\"webkitallowfullscreen\" mozallowfullscreen=\"mozallowfullscreen\" allowfullscreen=\"allowfullscreen\"><br \/><source src=\"http:\/\/avadol.ch\/wp-content\/uploads\/video\/avadol_last.mp4\" type=\"video\/mp4\" \/><br \/><\/video>[\/vc_column_text][\/vc_column][vc_column width=\u00a0\u00bb1\/2&Prime;][vc_column_text]<span class=\"ContentBox\"><span><strong>Une association pour mieux vivre la Douleur Chronique<br \/>\n<\/strong>Synchro.click, par Romy Moret<\/span><\/span><\/p>\n<p><span>S\u2019ils viennent d\u2019endroits diff\u00e9rents et n\u2019ont pas forc\u00e9ment le m\u00eame \u00e2ge, ils souffrent n\u00e9anmoins tous de douleur chronique. Au travers de leur exp\u00e9rience et de leur cheminement personnel, chacun a quelque chose \u00e0 apporter \u00e0 l\u2019autre. Gr\u00e2ce aux groupes de parole propos\u00e9s par l\u2019association Avadol,\u00a0<\/span><strong>Robert, Sandra, Marie-Jeanne, C\u00e9line, Marie-Pascale et Steve<\/strong><span>\u00a0puisent la force, le courage et certains outils afin de mieux vivre au quotidien avec leur douleur. Ils y trouvent surtout la compr\u00e9hension, l\u2019\u00e9coute et surtout l\u2019absence de jugement.<\/span>[\/vc_column_text][\/vc_column][\/vc_row][vc_row][vc_column][vc_empty_space][vc_separator color=\u00a0\u00bbblack\u00a0\u00bb][\/vc_column][\/vc_row][vc_row][vc_column width=\u00a0\u00bb1\/2&Prime;][vc_column_text]<video width=\"640\" height=\"360\" controls=\"controls\" webkitallowfullscreen=\"webkitallowfullscreen\" mozallowfullscreen=\"mozallowfullscreen\" allowfullscreen=\"allowfullscreen\"><br \/><source src=\"http:\/\/avadol.ch\/wp-content\/uploads\/2018\/12\/avadole-antier.mp4\" type=\"video\/mp4\" \/><br \/><\/video>[\/vc_column_text][\/vc_column][vc_column width=\u00a0\u00bb1\/2&Prime;][vc_column_text]<span class=\"ContentBox\"><span><strong>Interview Canal 9 <\/strong><\/span><\/span><\/p>\n<p>Association La douleur chronique: Interview de Marie-Pascale Pellissier. Avoir mal, 24 h sur 24, sans pouvoir compl\u00e8tement l&rsquo;expliquer: c&rsquo;est le quotidien des personnes souffrant de douleur chronique. Aujourd&rsquo;hui une association est n\u00e9e en Valais. Pour en parler, Isabelle Gay a invit\u00e9 sa fondatrice, Marie-Pascale Pellissier.[\/vc_column_text][\/vc_column][\/vc_row][vc_row][vc_column][vc_empty_space][vc_separator color=\u00a0\u00bbblack\u00a0\u00bb][\/vc_column][\/vc_row][vc_row][vc_column width=\u00a0\u00bb1\/2&Prime;][vc_column_text]<\/p>\n<p style=\"text-align: center;\"><img loading=\"lazy\" src=\"http:\/\/avadol.ch\/wp-content\/uploads\/2018\/12\/36-9-magasine-sante-e1544702429254.jpg\" alt=\"\" class=\"aligncenter size-full wp-image-2029\" width=\"400\" height=\"162\" \/><br \/>\n<a href=\"http:\/\/pages.rts.ch\/emissions\/36-9\/9065265-tampons-hygieniques-quels-dangers.html#timeline-anchor-integral-9123270\" target=\"_blank\" rel=\"noopener\"><strong>Voir la vid\u00e9o<\/strong><\/a>[\/vc_column_text][\/vc_column][vc_column width=\u00a0\u00bb1\/2&Prime;][vc_column_text]<\/p>\n<div id=\"WE7f4848ef7f\" class=\"BaseDiv RBoth OEWECadre OESK_WECadre_Default\">\n<div class=\"OESZ OESZ_DivContent OESZG_WE7f4848ef7f\">\n<p class=\"OESZ OESZ_DivContent OESZG_WE6709bf377c\"><strong><span class=\"ContentBox\">La Suisse, les opio\u00efdes et le pi\u00e8ge am\u00e9ricain<br \/>\nL&rsquo;\u00e9mission du 27 d\u00e9cembre 2017<\/span><\/strong><\/p>\n<p class=\"OESZ OESZ_DivContent OESZG_WE6709bf377c\"><span class=\"ContentBox\">Dans un pays o\u00f9, traditionnellement, on se m\u00e9fie des d\u00e9riv\u00e9s de l\u2019opium, la hausse des prescriptions d\u2019opio\u00efdes est surprenant. Elle peut relever d\u2019un rattrapage li\u00e9 \u00e0 une meilleure prise en charge de certaines maladies. Mais il peut aussi s\u2019agir d\u2019une d\u00e9rive. On rappelle que le scandale am\u00e9ricain qui a produit des millions de toxicomanes n\u2019a pas commenc\u00e9 autrement. \u00ab En Suisse, Il y avait clairement un rattrapage \u00e0 faire ; on sous-prescrivait les opiac\u00e9s il y a plusieurs ann\u00e9es. Maintenant, \u00e7a d\u00e9passe compl\u00e8tement le probl\u00e8me des opiac\u00e9s, on est dans un mod\u00e8le m\u00e9dical de consum\u00e9risme \u00bb, souligne Philippe Mavrocordatos, directeur m\u00e9dical et administratif de l\u2019Institut suisse de la douleur. Comment contr\u00f4ler les prescriptions ou utilisations abusives ? Aux explications de sp\u00e9cialistes font \u00e9cho les t\u00e9moignages de personnes souffrant de douleurs chroniques et qui ont \u00e9t\u00e9 amen\u00e9es \u00e0 prendre des opiac\u00e9s sur le long terme.<\/span><\/p>\n<\/div>\n<\/div>\n<p>[\/vc_column_text][\/vc_column][\/vc_row]<\/p>\n","protected":false},"excerpt":{"rendered":"<p>[vc_row][vc_column width=\u00a0\u00bb1\/2&Prime;][vc_column_text][\/vc_column_text][\/vc_column][vc_column width=\u00a0\u00bb1\/2&Prime;][vc_column_text]Dans les bras de morphine Temps pr\u00e9sent, RTS, 28 janvier 2021 En Suisse, le nombre de patients accrocs aux antidouleurs ne cesse d&rsquo;augmenter, alors que leur efficacit\u00e9 \u00e0 long terme est remise en cause. La situation alarme de plus en plus de m\u00e9decins. Si la situation n&rsquo;est pas aussi grave qu&rsquo;aux Etats-Unis, o\u00f9 les overdoses d&rsquo;opio\u00efdes sont la premi\u00e8re cause de mortalit\u00e9, elle suscite chez nous aussi des drames humains et la n\u00e9cessit\u00e9 de repenser la prise en charge des douleurs chroniques. Cette crise interroge aussi sur les m\u00e9thodes de marketing de la pharma.[\/vc_column_text][\/vc_column][\/vc_row][vc_row][vc_column][vc_empty_space][vc_separator color=\u00a0\u00bbblack\u00a0\u00bb][\/vc_column][\/vc_row][vc_row][vc_column width=\u00a0\u00bb1\/2&Prime;][vc_column_text][\/vc_column_text][\/vc_column][vc_column width=\u00a0\u00bb1\/2&Prime;][vc_column_text]Une association pour mieux vivre la Douleur Chronique Synchro.click, par Romy Moret S\u2019ils viennent d\u2019endroits diff\u00e9rents et n\u2019ont pas forc\u00e9ment le m\u00eame \u00e2ge, ils souffrent n\u00e9anmoins tous de douleur chronique. Au travers de leur exp\u00e9rience et de leur cheminement personnel, chacun a quelque chose \u00e0 apporter \u00e0 l\u2019autre. Gr\u00e2ce aux groupes de parole propos\u00e9s par l\u2019association Avadol,\u00a0Robert, Sandra, Marie-Jeanne, C\u00e9line, Marie-Pascale et Steve\u00a0puisent la force, le courage et certains outils afin de mieux vivre au quotidien avec leur douleur. Ils y trouvent surtout la compr\u00e9hension, l\u2019\u00e9coute et surtout l\u2019absence de jugement.[\/vc_column_text][\/vc_column][\/vc_row][vc_row][vc_column][vc_empty_space][vc_separator color=\u00a0\u00bbblack\u00a0\u00bb][\/vc_column][\/vc_row][vc_row][vc_column width=\u00a0\u00bb1\/2&Prime;][vc_column_text][\/vc_column_text][\/vc_column][vc_column width=\u00a0\u00bb1\/2&Prime;][vc_column_text]Interview Canal 9 Association La douleur chronique: Interview de Marie-Pascale Pellissier. Avoir mal, 24 h sur 24, sans pouvoir compl\u00e8tement l&rsquo;expliquer: c&rsquo;est le quotidien des personnes souffrant de douleur chronique. Aujourd&rsquo;hui une association est n\u00e9e en Valais. Pour en parler, Isabelle Gay a invit\u00e9 sa fondatrice, Marie-Pascale Pellissier.[\/vc_column_text][\/vc_column][\/vc_row][vc_row][vc_column][vc_empty_space][vc_separator color=\u00a0\u00bbblack\u00a0\u00bb][\/vc_column][\/vc_row][vc_row][vc_column width=\u00a0\u00bb1\/2&Prime;][vc_column_text] Voir la vid\u00e9o[\/vc_column_text][\/vc_column][vc_column width=\u00a0\u00bb1\/2&Prime;][vc_column_text] La Suisse, les opio\u00efdes et le pi\u00e8ge am\u00e9ricain L&rsquo;\u00e9mission du 27 d\u00e9cembre 2017 Dans un pays o\u00f9, traditionnellement, on se m\u00e9fie des d\u00e9riv\u00e9s de l\u2019opium, la hausse des prescriptions d\u2019opio\u00efdes est surprenant. Elle peut relever d\u2019un rattrapage li\u00e9 \u00e0 une meilleure prise en charge de certaines maladies. Mais il peut aussi s\u2019agir d\u2019une d\u00e9rive. On rappelle que le scandale am\u00e9ricain qui a produit des millions de toxicomanes n\u2019a pas commenc\u00e9 autrement. \u00ab En Suisse, Il y avait clairement un rattrapage \u00e0 faire ; on sous-prescrivait les opiac\u00e9s il y a plusieurs ann\u00e9es. Maintenant, \u00e7a d\u00e9passe compl\u00e8tement le probl\u00e8me des opiac\u00e9s, on est dans un mod\u00e8le m\u00e9dical de consum\u00e9risme \u00bb, souligne Philippe Mavrocordatos, directeur m\u00e9dical et administratif de l\u2019Institut suisse de la douleur. Comment contr\u00f4ler les prescriptions ou utilisations abusives ? Aux explications de sp\u00e9cialistes font \u00e9cho les t\u00e9moignages de personnes souffrant de douleurs chroniques et qui ont \u00e9t\u00e9 amen\u00e9es \u00e0 prendre des opiac\u00e9s sur le long terme. [\/vc_column_text][\/vc_column][\/vc_row]<\/p>\n","protected":false},"author":3,"featured_media":0,"parent":0,"menu_order":0,"comment_status":"closed","ping_status":"closed","template":"","meta":[],"_links":{"self":[{"href":"http:\/\/avadol.ch\/index.php?rest_route=\/wp\/v2\/pages\/3725"}],"collection":[{"href":"http:\/\/avadol.ch\/index.php?rest_route=\/wp\/v2\/pages"}],"about":[{"href":"http:\/\/avadol.ch\/index.php?rest_route=\/wp\/v2\/types\/page"}],"author":[{"embeddable":true,"href":"http:\/\/avadol.ch\/index.php?rest_route=\/wp\/v2\/users\/3"}],"replies":[{"embeddable":true,"href":"http:\/\/avadol.ch\/index.php?rest_route=%2Fwp%2Fv2%2Fcomments&post=3725"}],"version-history":[{"count":9,"href":"http:\/\/avadol.ch\/index.php?rest_route=\/wp\/v2\/pages\/3725\/revisions"}],"predecessor-version":[{"id":4054,"href":"http:\/\/avadol.ch\/index.php?rest_route=\/wp\/v2\/pages\/3725\/revisions\/4054"}],"wp:attachment":[{"href":"http:\/\/avadol.ch\/index.php?rest_route=%2Fwp%2Fv2%2Fmedia&parent=3725"}],"curies":[{"name":"wp","href":"https:\/\/api.w.org\/{rel}","templated":true}]}}