{"id":3727,"date":"2020-04-01T14:40:18","date_gmt":"2020-04-01T13:40:18","guid":{"rendered":"http:\/\/avadol.ch\/?page_id=3727"},"modified":"2020-09-16T19:25:08","modified_gmt":"2020-09-16T18:25:08","slug":"emission-radio-sur-avadol","status":"publish","type":"page","link":"http:\/\/avadol.ch\/?page_id=3727","title":{"rendered":"Emission radio sur avadol"},"content":{"rendered":"<p>[vc_row content_placement=\u00a0\u00bbmiddle\u00a0\u00bb][vc_column width=\u00a0\u00bb1\/2&Prime;][vc_column_text]<a href=\"https:\/\/pages.rts.ch\/la-1ere\/programmes\/la-ligne-de-coeur\/11554355-le-temoignage-de-mariepascale-vivre-avec-la-douleur-chronique-24-08-2020.html?fbclid=IwAR0XrTU3J3Mq5wmUcKmBHPQYtw0dkm3TBNn96ZRaNafCRsYnC312DJWD2Vc&amp;mediaShare=1\"><img loading=\"lazy\" src=\"http:\/\/avadol.ch\/wp-content\/uploads\/2020\/09\/ligne-de-coeur-18.08.20.jpg\" alt=\"\" width=\"813\" height=\"364\" class=\"aligncenter wp-image-3957 size-full\" srcset=\"http:\/\/avadol.ch\/wp-content\/uploads\/2020\/09\/ligne-de-coeur-18.08.20.jpg 813w, http:\/\/avadol.ch\/wp-content\/uploads\/2020\/09\/ligne-de-coeur-18.08.20-768x344.jpg 768w\" sizes=\"(max-width: 813px) 100vw, 813px\" \/><\/a>[\/vc_column_text][\/vc_column][vc_column width=\u00a0\u00bb1\/2&Prime;][vc_column_text]<a href=\"https:\/\/pages.rts.ch\/la-1ere\/programmes\/la-ligne-de-coeur\/11554355-le-temoignage-de-mariepascale-vivre-avec-la-douleur-chronique-24-08-2020.html?fbclid=IwAR0XrTU3J3Mq5wmUcKmBHPQYtw0dkm3TBNn96ZRaNafCRsYnC312DJWD2Vc&amp;mediaShare=1\"><strong>Le t\u00e9moignage de Marie-Pascale: vivre avec la douleur chronique<\/strong><\/a><br \/>\nLigne de Coeur, RTS, 18.08.2020<\/p>\n<div class=\"description overflow-container has-overflow overflow-visible\" itemprop=\"description\" show-overflow-text=\"\" show-more-less-labels=\"{'more': 'Afficher plus', 'less': 'Afficher moins'}\">\n<div class=\"lead\">\n<div class=\"richtext\">\n<div>\n<p><span>Suite \u00e0 des probl\u00e8mes de mobilit\u00e9 et de perte de sensibilit\u00e9 corporelle, la vie de Marie-Pascale fut ponctu\u00e9e de nombreuses op\u00e9rations et de multiples complications neuromusculaires. Malgr\u00e9 de lourds traitements contre la douleur, celle-ci a finalement pris le dessus.<\/span><\/p>\n<p><span>Avec le temps, ce qui \u00e9tait une faiblesse pour elle est devenu une force. Elle a appris \u00e0 se r\u00e9approprier son corps et \u00e0 cohabiter avec la douleur. Elle cr\u00e9e alors l\u2019association \u00ab\u00a0Avadol\u00a0\u00bb pour ne plus jamais \u00eatre seule face \u00e0 ce mal et permettre \u00e0 ceux qui vivent avec la douleur de partager leur exp\u00e9rience.<\/span><\/p>\n<\/div>\n<\/div>\n<\/div>\n<\/div>\n<p>[\/vc_column_text][\/vc_column][vc_column][vc_separator color=\u00a0\u00bbblack\u00a0\u00bb][\/vc_column][vc_column][\/vc_column][\/vc_row][vc_row content_placement=\u00a0\u00bbmiddle\u00a0\u00bb][vc_column width=\u00a0\u00bb1\/2&Prime;][vc_images_carousel images=\u00a0\u00bb3611,3612,3613,3614,3615,3616,3617,3618,3619,3620,3621&Prime; img_size=\u00a0\u00bbmedium\u00a0\u00bb autoplay=\u00a0\u00bbyes\u00a0\u00bb wrap=\u00a0\u00bbyes\u00a0\u00bb el_class=\u00a0\u00bb\u00a0\u00bb css=\u00a0\u00bb.vc_custom_1579458337800{margin-left: 140px !important;}\u00a0\u00bb][\/vc_column][vc_column width=\u00a0\u00bb1\/2&Prime;][vc_column_text]<\/p>\n<p itemprop=\"name\"><strong>Douleur<\/strong><br \/>\nLigne de Coeur , 04.12.2019, Librairie du Baobab, Martigny<\/p>\n<div class=\"description overflow-container has-overflow overflow-visible\" itemprop=\"description\" show-overflow-text=\"\" show-more-less-labels=\"{'more': 'Afficher plus', 'less': 'Afficher moins'}\">\n<div class=\"lead\">\n<div class=\"lead\">\u00ab\u00a0La ligne de coeur\u00a0\u00bb attend vos appels au 058 236 70 70 pour partager vos r\u00e9flexions, exp\u00e9riences et r\u00e9cits de vie. Quelle que soit la nature de votre intervention, votre t\u00e9moignage est le bienvenu.<\/div>\n<div class=\"richtext\">\n<div>\n<p>Physique, psychologique, \u00e9motionnelle, morale, professionnelle, passag\u00e8re ou durable, cach\u00e9e ou montr\u00e9e, la douleur fait partie de nos vies. Elle peut empoisonner notre quotidien, nuire \u00e0 notre qualit\u00e9 de vie. Parfois, elle peut nous faire grandir. C\u2019est le th\u00e8me que \u00ab\u00a0La ligne de c\u0153ur\u00a0\u00bb explore cette semaine. Nous attendons vos appels.<\/p>\n<p>\u00ab\u00a0La ligne de coeur\u00a0\u00bb est accueillie ce soir par la Librairie du Baobab \u00e0 Martigny, en compagnie de Patricia Nos\u00e9da, Jonas Bell et G\u00e9rald M\u00e9troz, ainsi que Marie-Pascale Pellissier et Marie-Jeanne Taugwalder, de l\u2019Association \u00ab\u00a0Vivre avec la douleur\u00a0\u00bb.<\/p>\n<\/div>\n<\/div>\n<\/div>\n<\/div>\n<p>[\/vc_column_text][\/vc_column][vc_column][vc_separator color=\u00a0\u00bbblack\u00a0\u00bb][\/vc_column][vc_column][\/vc_column][\/vc_row][vc_row][vc_column width=\u00a0\u00bb1\/2&Prime;][vc_column_text]<\/p>\n<p style=\"text-align: center;\"><a href=\"https:\/\/www.rts.ch\/play\/radio\/philo-dun-mot\/audio\/la-sante?id=10605509\" target=\"_blank\" rel=\"noopener\"><\/a><a href=\"http:\/\/avadol.ch\/wp-content\/uploads\/2019\/08\/624.jpeg\"><img loading=\"lazy\" src=\"http:\/\/avadol.ch\/wp-content\/uploads\/2019\/08\/624-420x280.jpeg\" alt=\"\" width=\"420\" height=\"280\" class=\"aligncenter wp-image-3386 size-medium\" \/><\/a><\/p>\n<p style=\"text-align: center;\"><a href=\"https:\/\/www.rts.ch\/play\/radio\/philo-dun-mot\/audio\/la-sante?id=10605509\" target=\"_blank\" rel=\"noopener\">Ecouter l&rsquo;\u00e9mission<\/a><\/p>\n<p>[\/vc_column_text][\/vc_column][vc_column width=\u00a0\u00bb1\/2&Prime;][vc_column_text]<strong>La sant\u00e9<br \/>\n<\/strong>Emission philo d&rsquo;un mot, RTS, 15.08.2019<\/p>\n<p class=\"description overflow-container has-overflow overflow-visible\" itemprop=\"description\" show-more-less-labels=\"{'more': 'Afficher plus', 'less': 'Afficher moins'}\"><span>Qu\u02b9est-ce que la sant\u00e9 ? Pourquoi peine t-elle \u00e0 se laisser d\u00e9finir ? Qui en pose les crit\u00e8res ?&#8230;\u00a0<\/span><br \/>\n<span>Pour en discuter, les invit\u00e9es sont : Isabelle Wienand, Docteure en philosophie \u00e0 l\u02b9universit\u00e9 de B\u00e2le, <strong>Marie-Pierre Pellissier<\/strong> pr\u00e9sidente et fondatrice de l\u02b9association Avadol vivre avec la douleur chronique, Rebecca Ruiz conseill\u00e8re d\u02b9Etat PS en charge du D\u00e9partement de la Sant\u00e9 et de l\u02b9Action Sociale,\u00a0<\/span><br \/>\n<span>Et Florence Choquard, docteure en psychologie et en histoire.<\/span>[\/vc_column_text][\/vc_column][\/vc_row][vc_row][vc_column][vc_column_text]<\/p>\n<p itemprop=\"description\" show-more-less-labels=\"{'more': 'Afficher plus', 'less': 'Afficher moins'}\">[\/vc_column_text][\/vc_column][\/vc_row]<\/p>\n","protected":false},"excerpt":{"rendered":"<p>[vc_row content_placement=\u00a0\u00bbmiddle\u00a0\u00bb][vc_column width=\u00a0\u00bb1\/2&Prime;][vc_column_text][\/vc_column_text][\/vc_column][vc_column width=\u00a0\u00bb1\/2&Prime;][vc_column_text]Le t\u00e9moignage de Marie-Pascale: vivre avec la douleur chronique Ligne de Coeur, RTS, 18.08.2020 Suite \u00e0 des probl\u00e8mes de mobilit\u00e9 et de perte de sensibilit\u00e9 corporelle, la vie de Marie-Pascale fut ponctu\u00e9e de nombreuses op\u00e9rations et de multiples complications neuromusculaires. Malgr\u00e9 de lourds traitements contre la douleur, celle-ci a finalement pris le dessus. Avec le temps, ce qui \u00e9tait une faiblesse pour elle est devenu une force. Elle a appris \u00e0 se r\u00e9approprier son corps et \u00e0 cohabiter avec la douleur. Elle cr\u00e9e alors l\u2019association \u00ab\u00a0Avadol\u00a0\u00bb pour ne plus jamais \u00eatre seule face \u00e0 ce mal et permettre \u00e0 ceux qui vivent avec la douleur de partager leur exp\u00e9rience. [\/vc_column_text][\/vc_column][vc_column][vc_separator color=\u00a0\u00bbblack\u00a0\u00bb][\/vc_column][vc_column][\/vc_column][\/vc_row][vc_row content_placement=\u00a0\u00bbmiddle\u00a0\u00bb][vc_column width=\u00a0\u00bb1\/2&Prime;][vc_images_carousel images=\u00a0\u00bb3611,3612,3613,3614,3615,3616,3617,3618,3619,3620,3621&Prime; img_size=\u00a0\u00bbmedium\u00a0\u00bb autoplay=\u00a0\u00bbyes\u00a0\u00bb wrap=\u00a0\u00bbyes\u00a0\u00bb el_class=\u00a0\u00bb\u00a0\u00bb css=\u00a0\u00bb.vc_custom_1579458337800{margin-left: 140px !important;}\u00a0\u00bb][\/vc_column][vc_column width=\u00a0\u00bb1\/2&Prime;][vc_column_text] Douleur Ligne de Coeur , 04.12.2019, Librairie du Baobab, Martigny \u00ab\u00a0La ligne de coeur\u00a0\u00bb attend vos appels au 058 236 70 70 pour partager vos r\u00e9flexions, exp\u00e9riences et r\u00e9cits de vie. Quelle que soit la nature de votre intervention, votre t\u00e9moignage est le bienvenu. Physique, psychologique, \u00e9motionnelle, morale, professionnelle, passag\u00e8re ou durable, cach\u00e9e ou montr\u00e9e, la douleur fait partie de nos vies. Elle peut empoisonner notre quotidien, nuire \u00e0 notre qualit\u00e9 de vie. Parfois, elle peut nous faire grandir. C\u2019est le th\u00e8me que \u00ab\u00a0La ligne de c\u0153ur\u00a0\u00bb explore cette semaine. Nous attendons vos appels. \u00ab\u00a0La ligne de coeur\u00a0\u00bb est accueillie ce soir par la Librairie du Baobab \u00e0 Martigny, en compagnie de Patricia Nos\u00e9da, Jonas Bell et G\u00e9rald M\u00e9troz, ainsi que Marie-Pascale Pellissier et Marie-Jeanne Taugwalder, de l\u2019Association \u00ab\u00a0Vivre avec la douleur\u00a0\u00bb. [\/vc_column_text][\/vc_column][vc_column][vc_separator color=\u00a0\u00bbblack\u00a0\u00bb][\/vc_column][vc_column][\/vc_column][\/vc_row][vc_row][vc_column width=\u00a0\u00bb1\/2&Prime;][vc_column_text] Ecouter l&rsquo;\u00e9mission [\/vc_column_text][\/vc_column][vc_column width=\u00a0\u00bb1\/2&Prime;][vc_column_text]La sant\u00e9 Emission philo d&rsquo;un mot, RTS, 15.08.2019 Qu\u02b9est-ce que la sant\u00e9 ? Pourquoi peine t-elle \u00e0 se laisser d\u00e9finir ? Qui en pose les crit\u00e8res ?&#8230;\u00a0 Pour en discuter, les invit\u00e9es sont : Isabelle Wienand, Docteure en philosophie \u00e0 l\u02b9universit\u00e9 de B\u00e2le, Marie-Pierre Pellissier pr\u00e9sidente et fondatrice de l\u02b9association Avadol vivre avec la douleur chronique, Rebecca Ruiz conseill\u00e8re d\u02b9Etat PS en charge du D\u00e9partement de la Sant\u00e9 et de l\u02b9Action Sociale,\u00a0 Et Florence Choquard, docteure en psychologie et en histoire.[\/vc_column_text][\/vc_column][\/vc_row][vc_row][vc_column][vc_column_text] [\/vc_column_text][\/vc_column][\/vc_row]<\/p>\n","protected":false},"author":3,"featured_media":0,"parent":0,"menu_order":0,"comment_status":"closed","ping_status":"closed","template":"","meta":[],"_links":{"self":[{"href":"http:\/\/avadol.ch\/index.php?rest_route=\/wp\/v2\/pages\/3727"}],"collection":[{"href":"http:\/\/avadol.ch\/index.php?rest_route=\/wp\/v2\/pages"}],"about":[{"href":"http:\/\/avadol.ch\/index.php?rest_route=\/wp\/v2\/types\/page"}],"author":[{"embeddable":true,"href":"http:\/\/avadol.ch\/index.php?rest_route=\/wp\/v2\/users\/3"}],"replies":[{"embeddable":true,"href":"http:\/\/avadol.ch\/index.php?rest_route=%2Fwp%2Fv2%2Fcomments&post=3727"}],"version-history":[{"count":10,"href":"http:\/\/avadol.ch\/index.php?rest_route=\/wp\/v2\/pages\/3727\/revisions"}],"predecessor-version":[{"id":3959,"href":"http:\/\/avadol.ch\/index.php?rest_route=\/wp\/v2\/pages\/3727\/revisions\/3959"}],"wp:attachment":[{"href":"http:\/\/avadol.ch\/index.php?rest_route=%2Fwp%2Fv2%2Fmedia&parent=3727"}],"curies":[{"name":"wp","href":"https:\/\/api.w.org\/{rel}","templated":true}]}}