{"id":39,"date":"2017-02-08T08:43:16","date_gmt":"2017-02-08T08:43:16","guid":{"rendered":"http:\/\/charixy.zooka.io\/demo2\/?page_id=39"},"modified":"2021-02-24T22:35:09","modified_gmt":"2021-02-24T21:35:09","slug":"contact-us","status":"publish","type":"page","link":"http:\/\/avadol.ch\/?page_id=39","title":{"rendered":"Contactez-nous"},"content":{"rendered":"<p>[vc_row css=\u00a0\u00bb.vc_custom_1487227429106{padding-top: 94px !important;padding-bottom: 67px !important;}\u00a0\u00bb][vc_column width=\u00a0\u00bb1\/3&Prime;][vc_custom_heading text=\u00a0\u00bbPar t\u00e9l\u00e9phone\u00a0\u00bb font_container=\u00a0\u00bbtag:h3|font_size:25px|text_align:left|line_height:120%25&Prime; css=\u00a0\u00bb.vc_custom_1546615816984{margin-bottom: 40px !important;}\u00a0\u00bb][vc_column_text]T\u00e9l\u00e9phone : 079 133 86 60\u00a0<i class=\"accent-color fa fa-envelope\"><\/i><\/p>\n<p>Le Mercredi de 9h \u00e0 12h<\/p>\n<p><a href=\"http:\/\/avadol.ch\/wp-content\/uploads\/2021\/02\/info_OK.jpg\"><img loading=\"lazy\" src=\"http:\/\/avadol.ch\/wp-content\/uploads\/2021\/02\/info_OK-e1614202071112.jpg\" alt=\"\" width=\"500\" height=\"379\" class=\"wp-image-4073 size-full aligncenter\" \/><\/a>[\/vc_column_text][\/vc_column][vc_column width=\u00a0\u00bb1\/3&Prime;][vc_custom_heading text=\u00a0\u00bbFaites un don\u00a0\u00bb font_container=\u00a0\u00bbtag:h3|font_size:25px|text_align:left|line_height:120%25&Prime; css=\u00a0\u00bb.vc_custom_1546615821646{margin-bottom: 40px !important;}\u00a0\u00bb][vc_column_text]<span>Banque Cantonale du Valais<\/span><br \/>\n<span>1950 Sion<\/span><br \/>\n<span>CH28 0076 5001 0331 4420 2<\/span><\/p>\n<p><a href=\"http:\/\/avadol.ch\/wp-content\/uploads\/2021\/02\/20210224_213020582_iOS.jpg\"><img loading=\"lazy\" src=\"http:\/\/avadol.ch\/wp-content\/uploads\/2021\/02\/20210224_213020582_iOS-e1614202483186.jpg\" alt=\"\" width=\"320\" height=\"269\" class=\"aligncenter wp-image-4074 size-full\" \/><\/a>[\/vc_column_text][\/vc_column][vc_column width=\u00a0\u00bb1\/3&Prime;][vc_custom_heading text=\u00a0\u00bbRejoignez-nous!\u00a0\u00bb font_container=\u00a0\u00bbtag:h3|font_size:25px|text_align:left|line_height:120%25&Prime; css=\u00a0\u00bb.vc_custom_1614201319092{margin-bottom: 40px !important;}\u00a0\u00bb][vc_column_text]Afin de <strong>compl\u00e9ter votre inscription<\/strong> en temps que membre Avadol, merci de <strong>remplir le bulletin d&rsquo;adh\u00e9sion<\/strong> ci-dessous et de nous <strong>le retourner<\/strong> (e-mail ou courrier) <strong>dument sign\u00e9<\/strong>.<\/p>\n<p style=\"text-align: center;\"><a href=\"http:\/\/avadol.ch\/wp-content\/uploads\/2021\/02\/Bulletin-dadhesion-2021.pdf\"><strong>Bulletin d&rsquo;adh\u00e9sion<\/strong><br \/>\n<img loading=\"lazy\" src=\"http:\/\/avadol.ch\/wp-content\/uploads\/2020\/01\/pdf-site-.jpg\" alt=\"\" width=\"89\" height=\"107\" class=\"wp-image-3562 size-full aligncenter\" \/><\/a><\/p>\n<p>[\/vc_column_text][vc_column_text]<strong>Pour payer votre cotisation<br \/>\n<\/strong><span>Banque Raiffeisen Sion et R\u00e9gion<\/span><br \/>\n<span>1950 Sion<\/span><br \/>\n<span>CH19 8057 2000 0104 3392 1<\/span>[\/vc_column_text][\/vc_column][\/vc_row][vc_row full_width=\u00a0\u00bbstretch_row\u00a0\u00bb parallax=\u00a0\u00bbbottom-left\u00a0\u00bb parallax_image=\u00a0\u00bb511&Prime; css=\u00a0\u00bb.vc_custom_1488510675828{padding-top: 65px !important;padding-bottom: 75px !important;background-color: #eeeeee !important;}\u00a0\u00bb][vc_column width=\u00a0\u00bb1\/2&Prime;][vc_custom_heading text=\u00a0\u00bbEnvoyez-nous un mail\u00a0\u00bb font_container=\u00a0\u00bbtag:h3|font_size:25px|text_align:left|line_height:120%25&Prime; css=\u00a0\u00bb.vc_custom_1546615599646{margin-bottom: 42px !important;}\u00a0\u00bb][vc_column_text]En remplissant le formulaire ci-contre. Nous vous r\u00e9pondrons d\u00e8s que possible.[\/vc_column_text][\/vc_column][vc_column width=\u00a0\u00bb1\/2&Prime;]<div role=\"form\" class=\"wpcf7\" id=\"wpcf7-f508-o1\" lang=\"en-US\" dir=\"ltr\">\n<div class=\"screen-reader-response\"><p role=\"status\" aria-live=\"polite\" aria-atomic=\"true\"><\/p> <ul><\/ul><\/div>\n<form action=\"\/index.php?rest_route=%2Fwp%2Fv2%2Fpages%2F39#wpcf7-f508-o1\" method=\"post\" class=\"wpcf7-form init\" novalidate=\"novalidate\" data-status=\"init\">\n<div style=\"display: none;\">\n<input type=\"hidden\" name=\"_wpcf7\" value=\"508\" \/>\n<input type=\"hidden\" name=\"_wpcf7_version\" value=\"5.4.2\" \/>\n<input type=\"hidden\" name=\"_wpcf7_locale\" value=\"en_US\" \/>\n<input type=\"hidden\" name=\"_wpcf7_unit_tag\" value=\"wpcf7-f508-o1\" \/>\n<input type=\"hidden\" name=\"_wpcf7_container_post\" value=\"0\" \/>\n<input type=\"hidden\" name=\"_wpcf7_posted_data_hash\" value=\"\" \/>\n<\/div>\n<div class=\"row\">\n<div class=\"col-md-6\">\n  <span class=\"wpcf7-form-control-wrap your-name\"><input type=\"text\" name=\"your-name\" value=\"\" size=\"40\" class=\"wpcf7-form-control wpcf7-text wpcf7-validates-as-required\" aria-required=\"true\" aria-invalid=\"false\" placeholder=\"Nom *\" \/><\/span>\n <\/div>\n<div class=\"col-md-6\">\n  <span class=\"wpcf7-form-control-wrap your-email\"><input type=\"email\" name=\"your-email\" value=\"\" size=\"40\" class=\"wpcf7-form-control wpcf7-text wpcf7-email wpcf7-validates-as-required wpcf7-validates-as-email\" aria-required=\"true\" aria-invalid=\"false\" placeholder=\"Email *\" \/><\/span>\n <\/div>\n<\/div>\n<div class=\"row\">\n<div class=\"col-md-12\">\n  <span class=\"wpcf7-form-control-wrap text-500\"><input type=\"text\" name=\"text-500\" value=\"\" size=\"40\" class=\"wpcf7-form-control wpcf7-text wpcf7-validates-as-required\" aria-required=\"true\" aria-invalid=\"false\" placeholder=\"Sujet *\" \/><\/span>\n <\/div>\n<\/div>\n<div class=\"row\">\n<div class=\"col-md-12\">\n  <span class=\"wpcf7-form-control-wrap your-message\"><textarea name=\"your-message\" cols=\"40\" rows=\"10\" class=\"wpcf7-form-control wpcf7-textarea wpcf7-validates-as-required\" aria-required=\"true\" aria-invalid=\"false\" placeholder=\"Votre message *\"><\/textarea><\/span>\n <\/div>\n<\/div>\n<div class=\"row\">\n<div class=\"col-md-12\">\n  <input type=\"submit\" value=\"Envoyer le message\" class=\"wpcf7-form-control wpcf7-submit btn-primary\" \/>\n <\/div>\n<\/div>\n<div class=\"wpcf7-response-output\" aria-hidden=\"true\"><\/div><\/form><\/div>[\/vc_column][\/vc_row]<\/p>\n","protected":false},"excerpt":{"rendered":"<p>[vc_row css=\u00a0\u00bb.vc_custom_1487227429106{padding-top: 94px !important;padding-bottom: 67px !important;}\u00a0\u00bb][vc_column width=\u00a0\u00bb1\/3&Prime;][vc_custom_heading text=\u00a0\u00bbPar t\u00e9l\u00e9phone\u00a0\u00bb font_container=\u00a0\u00bbtag:h3|font_size:25px|text_align:left|line_height:120%25&Prime; css=\u00a0\u00bb.vc_custom_1546615816984{margin-bottom: 40px !important;}\u00a0\u00bb][vc_column_text]T\u00e9l\u00e9phone : 079 133 86 60\u00a0 Le Mercredi de 9h \u00e0 12h [\/vc_column_text][\/vc_column][vc_column width=\u00a0\u00bb1\/3&Prime;][vc_custom_heading text=\u00a0\u00bbFaites un don\u00a0\u00bb font_container=\u00a0\u00bbtag:h3|font_size:25px|text_align:left|line_height:120%25&Prime; css=\u00a0\u00bb.vc_custom_1546615821646{margin-bottom: 40px !important;}\u00a0\u00bb][vc_column_text]Banque Cantonale du Valais 1950 Sion CH28 0076 5001 0331 4420 2 [\/vc_column_text][\/vc_column][vc_column width=\u00a0\u00bb1\/3&Prime;][vc_custom_heading text=\u00a0\u00bbRejoignez-nous!\u00a0\u00bb font_container=\u00a0\u00bbtag:h3|font_size:25px|text_align:left|line_height:120%25&Prime; css=\u00a0\u00bb.vc_custom_1614201319092{margin-bottom: 40px !important;}\u00a0\u00bb][vc_column_text]Afin de compl\u00e9ter votre inscription en temps que membre Avadol, merci de remplir le bulletin d&rsquo;adh\u00e9sion ci-dessous et de nous le retourner (e-mail ou courrier) dument sign\u00e9. Bulletin d&rsquo;adh\u00e9sion [\/vc_column_text][vc_column_text]Pour payer votre cotisation Banque Raiffeisen Sion et R\u00e9gion 1950 Sion CH19 8057 2000 0104 3392 1[\/vc_column_text][\/vc_column][\/vc_row][vc_row full_width=\u00a0\u00bbstretch_row\u00a0\u00bb parallax=\u00a0\u00bbbottom-left\u00a0\u00bb parallax_image=\u00a0\u00bb511&Prime; css=\u00a0\u00bb.vc_custom_1488510675828{padding-top: 65px !important;padding-bottom: 75px !important;background-color: #eeeeee !important;}\u00a0\u00bb][vc_column width=\u00a0\u00bb1\/2&Prime;][vc_custom_heading text=\u00a0\u00bbEnvoyez-nous un mail\u00a0\u00bb font_container=\u00a0\u00bbtag:h3|font_size:25px|text_align:left|line_height:120%25&Prime; css=\u00a0\u00bb.vc_custom_1546615599646{margin-bottom: 42px !important;}\u00a0\u00bb][vc_column_text]En remplissant le formulaire ci-contre. Nous vous r\u00e9pondrons d\u00e8s que possible.[\/vc_column_text][\/vc_column][vc_column width=\u00a0\u00bb1\/2&Prime;][\/vc_column][\/vc_row]<\/p>\n","protected":false},"author":1,"featured_media":0,"parent":0,"menu_order":7,"comment_status":"closed","ping_status":"closed","template":"","meta":[],"_links":{"self":[{"href":"http:\/\/avadol.ch\/index.php?rest_route=\/wp\/v2\/pages\/39"}],"collection":[{"href":"http:\/\/avadol.ch\/index.php?rest_route=\/wp\/v2\/pages"}],"about":[{"href":"http:\/\/avadol.ch\/index.php?rest_route=\/wp\/v2\/types\/page"}],"author":[{"embeddable":true,"href":"http:\/\/avadol.ch\/index.php?rest_route=\/wp\/v2\/users\/1"}],"replies":[{"embeddable":true,"href":"http:\/\/avadol.ch\/index.php?rest_route=%2Fwp%2Fv2%2Fcomments&post=39"}],"version-history":[{"count":7,"href":"http:\/\/avadol.ch\/index.php?rest_route=\/wp\/v2\/pages\/39\/revisions"}],"predecessor-version":[{"id":4075,"href":"http:\/\/avadol.ch\/index.php?rest_route=\/wp\/v2\/pages\/39\/revisions\/4075"}],"wp:attachment":[{"href":"http:\/\/avadol.ch\/index.php?rest_route=%2Fwp%2Fv2%2Fmedia&parent=39"}],"curies":[{"name":"wp","href":"https:\/\/api.w.org\/{rel}","templated":true}]}}