{"id":1910,"date":"2018-12-11T15:51:07","date_gmt":"2018-12-11T14:51:07","guid":{"rendered":"http:\/\/avadol.ch\/?page_id=1910"},"modified":"2021-08-14T15:56:42","modified_gmt":"2021-08-14T14:56:42","slug":"bibliotheque","status":"publish","type":"page","link":"https:\/\/avadol.ch\/?page_id=1910","title":{"rendered":"Biblioth\u00e8que"},"content":{"rendered":"<p>[vc_row][vc_column][vc_custom_heading text=\u00a0\u00bbNouveau dans notre Biblioth\u00e8que\u00a0\u00bb font_container=\u00a0\u00bbtag:h3|text_align:center\u00a0\u00bb el_class=\u00a0\u00bbbottom-line line-center\u00a0\u00bb][\/vc_column][\/vc_row][vc_row][vc_column width=\u00a0\u00bb1\/2&Prime;][vc_column_text]&nbsp;<\/p>\n<ul>\n<li><strong>Y a de la visite<\/strong><\/li>\n<\/ul>\n<p>Voici un nouveau \u00a0livre illustrer pour mieux comprendre ce que c&rsquo;est de vivre avec un parent atteint dans sa sant\u00e9. Vous pouvez l\u2019emprunter \u00e0 notre bureau, venez le d\u00e9couvrir !<\/p>\n<p><strong>R\u00e9sum\u00e9\u00a0<\/strong>:<\/p>\n<p class=\"font_4\"><span class=\"color_29\">Bienvenue dans cette maisonn\u00e9e\u00a0<\/span><span class=\"color_29\">o\u00f9 <\/span><span class=\"color_29\">Algo le dragon, <\/span><span class=\"color_29\">visiteur surprenant, <\/span><span class=\"color_29\">vient p\u00e9ter le feu <\/span><span class=\"color_29\">ou cracher des flammes <\/span><span class=\"color_29\">selon ses humeurs !<\/span><\/p>\n<div id=\"comp-knjh5c6u\" class=\"_2bafp\" data-testid=\"richTextElement\"><span><span class=\"color_24\">Y\u2019a de la visite, <\/span><\/span><span>met en sc\u00e8ne un tout-petit <\/span><span>qui se raconte\u00a0<\/span><span>alors que la pr\u00e9sence <\/span><span>de cet intrus inusit\u00e9 vient bouleverser <\/span><span>son quotidien et celui de sa petite famille.<\/span><span> L&rsquo;apprivoiser? <\/span>Tout au long des illustrations, Algo le dragon affiche la m\u00eame couleur que le personnage de la<a href=\"http:\/\/avadol.ch\/wp-content\/uploads\/2021\/05\/927337749-e1619949183544.jpg\"><img loading=\"lazy\" src=\"http:\/\/avadol.ch\/wp-content\/uploads\/2021\/05\/927337749-e1619949183544.jpg\" alt=\"\" width=\"250\" height=\"250\" class=\"size-full wp-image-4120 alignright\" \/><\/a> maman souffrante en symbolisant ainsi l\u2019intensit\u00e9 de sa douleur.<\/div>\n<div data-testid=\"richTextElement\"><span style=\"color: #ffffff;\">.<\/span><\/div>\n<div data-testid=\"richTextElement\">Plus d&rsquo;informations sur <span style=\"color: #000080;\"><a href=\"https:\/\/www.yadelavisite.com\/\" target=\"_blank\" rel=\"noopener noreferrer\" style=\"color: #000080;\">www.yadelavisite.com<\/a><\/span><\/div>\n<p>[\/vc_column_text][\/vc_column][vc_column width=\u00a0\u00bb1\/2&Prime;][vc_column_text]&nbsp;<\/p>\n<ul>\n<li><strong>Tiens bon!<\/strong><\/li>\n<\/ul>\n<p>Voici un nouveau \u00a0livre poignant de v\u00e9rit\u00e9, \u00e9crit par une valaisanne. Vous pouvez l\u2019emprunter \u00e0 notre bureau, venez le d\u00e9couvrir !<\/p>\n<p><strong>R\u00e9sum\u00e9\u00a0<\/strong>:<\/p>\n<p>Que faire lorsque la douleur est forte, chronique, et qu&rsquo;elle vous accapare votre \u00e9nergie physique et mentale ? Comment continuer malgr\u00e9 tout \u00e0 vivre une vie \u00e9panouissante ? Comment atteindre l&rsquo;harmonie, aussi bien dans le rapport aux autres qu&rsquo;avec soi-m\u00eame ?<a href=\"http:\/\/avadol.ch\/wp-content\/uploads\/2021\/03\/008572462-e1615928047790.jpg\"><img loading=\"lazy\" src=\"http:\/\/avadol.ch\/wp-content\/uploads\/2021\/03\/008572462-e1615928047790.jpg\" alt=\"\" width=\"300\" height=\"426\" class=\"size-full wp-image-4097 alignright\" \/><\/a> Cette douleur envahissante, ces questionnements fondamentaux, Nicole Poudrier-Constantin, les \u00e9prouve dans sa chair, et souhaite partager des r\u00e9ponses \u00e0 travers le r\u00e9cit de son exp\u00e9rience. Prenant appui sur les travaux scientifiques de Virginia Henderson ou encore d&rsquo;\u00c9lisabeth K\u00fcbler-Ross, elle livre ainsi un t\u00e9moignage truff\u00e9 de bons conseils, empli de sagesse, loin de tout mis\u00e9rabilisme encombrant.[\/vc_column_text][\/vc_column][\/vc_row][vc_row][vc_column][vc_separator color=\u00a0\u00bbblack\u00a0\u00bb][\/vc_column][\/vc_row][vc_row][vc_column][vc_custom_heading text=\u00a0\u00bbContact &#038; listes\u00a0\u00bb font_container=\u00a0\u00bbtag:h3|text_align:center\u00a0\u00bb el_class=\u00a0\u00bbbottom-line line-center\u00a0\u00bb][\/vc_column][\/vc_row][vc_row][vc_column width=\u00a0\u00bb1\/2&Prime;][vc_column_text]<span style=\"color: #ffffff;\">.<\/span><\/p>\n<p style=\"text-align: center;\">Si un de nos livres ou de nos CD vous int\u00e9resse, appelez-nous.<br \/>\n079 133.86.60 le mercredi matin de 9h00 \u00e0 11h30<br \/>\nou \u00e9crivez-nous : <a href=\"http:\/\/avadol.ch\/?page_id=39\">contact [at] avadol.ch<\/a><br \/>\nNous vous les enverrons avec plaisir pour une dur\u00e9e d&rsquo;un mois.[\/vc_column_text][\/vc_column][vc_column width=\u00a0\u00bb1\/2&Prime;][vc_column_text]<span style=\"color: #ffffff;\">.<\/span><\/p>\n<p><img loading=\"lazy\" src=\"http:\/\/avadol.ch\/wp-content\/uploads\/2018\/12\/wa_import31.jpg\" alt=\"\" class=\"aligncenter wp-image-1911 size-full\" width=\"180\" height=\"240\" \/><\/p>\n<p>&nbsp;[\/vc_column_text][\/vc_column][\/vc_row][vc_row][vc_column][vc_separator color=\u00a0\u00bbblack\u00a0\u00bb el_width=\u00a0\u00bb60&Prime;][\/vc_column][\/vc_row][vc_row][vc_column width=\u00a0\u00bb1\/4&Prime;][vc_column_text]<\/p>\n<p style=\"text-align: center;\"><a href=\"http:\/\/avadol.ch\/wp-content\/uploads\/2018\/12\/Avadol-CD.pdf\">Avadol CD<\/a><br \/>\n<a href=\"http:\/\/avadol.ch\/wp-content\/uploads\/2018\/12\/Avadol-CD.pdf\"><img loading=\"lazy\" src=\"http:\/\/avadol.ch\/wp-content\/uploads\/2018\/12\/iconfinder_pdf-01_3079281-e1544605085795.png\" alt=\"\" class=\"aligncenter size-full wp-image-1938\" width=\"100\" height=\"100\" \/><\/a><a href=\"http:\/\/avadol.ch\/wp-content\/uploads\/2018\/12\/Avadol-CD.pdf\"><\/a>[\/vc_column_text][\/vc_column][vc_column width=\u00a0\u00bb1\/4&Prime;][vc_column_text]<\/p>\n<p style=\"text-align: center;\"><a href=\"http:\/\/avadol.ch\/wp-content\/uploads\/2020\/06\/Catalogue-livre-avadol-10.06.2020.pdf\">Avadol livres<\/a><br \/>\n<a href=\"http:\/\/avadol.ch\/wp-content\/uploads\/2020\/06\/Catalogue-livre-avadol-10.06.2020.pdf\"><img loading=\"lazy\" src=\"http:\/\/avadol.ch\/wp-content\/uploads\/2018\/12\/iconfinder_pdf-01_3079281-e1544605085795.png\" alt=\"\" class=\"aligncenter wp-image-1938 size-full\" width=\"100\" height=\"100\" \/><\/a>[\/vc_column_text][\/vc_column][vc_column width=\u00a0\u00bb1\/4&Prime;][vc_column_text]<\/p>\n<p style=\"text-align: center;\"><a href=\"http:\/\/avadol.ch\/wp-content\/uploads\/2020\/01\/Livre-blanc-de-la-douleur-2017-SFETD.pdf\">Livre blanc douleur 2017 &#8211; SFETD<\/a><a href=\"http:\/\/avadol.ch\/wp-content\/uploads\/2020\/01\/Livre-blanc-de-la-douleur-2017-SFETD.pdf\"><img loading=\"lazy\" src=\"http:\/\/avadol.ch\/wp-content\/uploads\/2020\/01\/pdf-site-.jpg\" alt=\"\" class=\"aligncenter wp-image-3562 size-full\" width=\"89\" height=\"107\" \/><\/a><a href=\"http:\/\/avadol.ch\/wp-content\/uploads\/2020\/01\/Livre-blanc-de-la-douleur-2017-SFETD.pdf\"><\/a><a href=\"http:\/\/avadol.ch\/wp-content\/uploads\/2020\/01\/Livre-blanc-de-la-douleur-2017-SFETD.pdf\"><\/a><\/p>\n<p>[\/vc_column_text][\/vc_column][vc_column width=\u00a0\u00bb1\/4&Prime;][vc_column_text]<\/p>\n<p style=\"text-align: center;\"><a href=\"https:\/\/www.mundipharma.ch\/wp-content\/uploads\/Schmerztagebuch_0518_Online_FR.pdf\">Journal des douleurs<\/a><br \/>\n<a href=\"https:\/\/www.mundipharma.ch\/wp-content\/uploads\/Schmerztagebuch_0518_Online_FR.pdf\"><img loading=\"lazy\" src=\"http:\/\/avadol.ch\/wp-content\/uploads\/2020\/04\/journal-douleur--100x70.jpg\" alt=\"\" width=\"100\" height=\"70\" class=\"aligncenter wp-image-3789 size-thumbnail\" \/><\/a>[\/vc_column_text][\/vc_column][\/vc_row]<\/p>\n","protected":false},"excerpt":{"rendered":"<p>[vc_row][vc_column][vc_custom_heading text=\u00a0\u00bbNouveau dans notre Biblioth\u00e8que\u00a0\u00bb font_container=\u00a0\u00bbtag:h3|text_align:center\u00a0\u00bb el_class=\u00a0\u00bbbottom-line line-center\u00a0\u00bb][\/vc_column][\/vc_row][vc_row][vc_column width=\u00a0\u00bb1\/2&Prime;][vc_column_text]&nbsp; Y a de la visite Voici un nouveau \u00a0livre illustrer pour mieux comprendre ce que c&rsquo;est de vivre avec un parent atteint dans sa sant\u00e9. Vous pouvez l\u2019emprunter \u00e0 notre bureau, venez le d\u00e9couvrir ! R\u00e9sum\u00e9\u00a0: Bienvenue dans cette maisonn\u00e9e\u00a0o\u00f9 Algo le dragon, visiteur surprenant, vient p\u00e9ter le feu ou cracher des flammes selon ses humeurs ! Y\u2019a de la visite, met en sc\u00e8ne un tout-petit qui se raconte\u00a0alors que la pr\u00e9sence de cet intrus inusit\u00e9 vient bouleverser son quotidien et celui de sa petite famille. L&rsquo;apprivoiser? Tout au long des illustrations, Algo le dragon affiche la m\u00eame couleur que le personnage de la maman souffrante en symbolisant ainsi l\u2019intensit\u00e9 de sa douleur. . Plus d&rsquo;informations sur www.yadelavisite.com [\/vc_column_text][\/vc_column][vc_column width=\u00a0\u00bb1\/2&Prime;][vc_column_text]&nbsp; Tiens bon! Voici un nouveau \u00a0livre poignant de v\u00e9rit\u00e9, \u00e9crit par une valaisanne. Vous pouvez l\u2019emprunter \u00e0 notre bureau, venez le d\u00e9couvrir ! R\u00e9sum\u00e9\u00a0: Que faire lorsque la douleur est forte, chronique, et qu&rsquo;elle vous accapare votre \u00e9nergie physique et mentale ? Comment continuer malgr\u00e9 tout \u00e0 vivre une vie \u00e9panouissante ? Comment atteindre l&rsquo;harmonie, aussi bien dans le rapport aux autres qu&rsquo;avec soi-m\u00eame ? Cette douleur envahissante, ces questionnements fondamentaux, Nicole Poudrier-Constantin, les \u00e9prouve dans sa chair, et souhaite partager des r\u00e9ponses \u00e0 travers le r\u00e9cit de son exp\u00e9rience. Prenant appui sur les travaux scientifiques de Virginia Henderson ou encore d&rsquo;\u00c9lisabeth K\u00fcbler-Ross, elle livre ainsi un t\u00e9moignage truff\u00e9 de bons conseils, empli de sagesse, loin de tout mis\u00e9rabilisme encombrant.[\/vc_column_text][\/vc_column][\/vc_row][vc_row][vc_column][vc_separator color=\u00a0\u00bbblack\u00a0\u00bb][\/vc_column][\/vc_row][vc_row][vc_column][vc_custom_heading text=\u00a0\u00bbContact &#038; listes\u00a0\u00bb font_container=\u00a0\u00bbtag:h3|text_align:center\u00a0\u00bb el_class=\u00a0\u00bbbottom-line line-center\u00a0\u00bb][\/vc_column][\/vc_row][vc_row][vc_column width=\u00a0\u00bb1\/2&Prime;][vc_column_text]. Si un de nos livres ou de nos CD vous int\u00e9resse, appelez-nous. 079 133.86.60 le mercredi matin de 9h00 \u00e0 11h30 ou \u00e9crivez-nous : contact [at] avadol.ch Nous vous les enverrons avec plaisir pour une dur\u00e9e d&rsquo;un mois.[\/vc_column_text][\/vc_column][vc_column width=\u00a0\u00bb1\/2&Prime;][vc_column_text]. &nbsp;[\/vc_column_text][\/vc_column][\/vc_row][vc_row][vc_column][vc_separator color=\u00a0\u00bbblack\u00a0\u00bb el_width=\u00a0\u00bb60&Prime;][\/vc_column][\/vc_row][vc_row][vc_column width=\u00a0\u00bb1\/4&Prime;][vc_column_text] Avadol CD [\/vc_column_text][\/vc_column][vc_column width=\u00a0\u00bb1\/4&Prime;][vc_column_text] Avadol livres [\/vc_column_text][\/vc_column][vc_column width=\u00a0\u00bb1\/4&Prime;][vc_column_text] Livre blanc douleur 2017 &#8211; SFETD [\/vc_column_text][\/vc_column][vc_column width=\u00a0\u00bb1\/4&Prime;][vc_column_text] Journal des douleurs [\/vc_column_text][\/vc_column][\/vc_row]<\/p>\n","protected":false},"author":1,"featured_media":0,"parent":0,"menu_order":0,"comment_status":"closed","ping_status":"closed","template":"","meta":[],"_links":{"self":[{"href":"https:\/\/avadol.ch\/index.php?rest_route=\/wp\/v2\/pages\/1910"}],"collection":[{"href":"https:\/\/avadol.ch\/index.php?rest_route=\/wp\/v2\/pages"}],"about":[{"href":"https:\/\/avadol.ch\/index.php?rest_route=\/wp\/v2\/types\/page"}],"author":[{"embeddable":true,"href":"https:\/\/avadol.ch\/index.php?rest_route=\/wp\/v2\/users\/1"}],"replies":[{"embeddable":true,"href":"https:\/\/avadol.ch\/index.php?rest_route=%2Fwp%2Fv2%2Fcomments&post=1910"}],"version-history":[{"count":15,"href":"https:\/\/avadol.ch\/index.php?rest_route=\/wp\/v2\/pages\/1910\/revisions"}],"predecessor-version":[{"id":4182,"href":"https:\/\/avadol.ch\/index.php?rest_route=\/wp\/v2\/pages\/1910\/revisions\/4182"}],"wp:attachment":[{"href":"https:\/\/avadol.ch\/index.php?rest_route=%2Fwp%2Fv2%2Fmedia&parent=1910"}],"curies":[{"name":"wp","href":"https:\/\/api.w.org\/{rel}","templated":true}]}}