{"id":4201,"date":"2021-09-08T13:42:42","date_gmt":"2021-09-08T12:42:42","guid":{"rendered":"http:\/\/avadol.ch\/?page_id=4201"},"modified":"2021-09-29T09:50:38","modified_gmt":"2021-09-29T08:50:38","slug":"ateliers-de-mieux-etre-2","status":"publish","type":"page","link":"https:\/\/avadol.ch\/?page_id=4201","title":{"rendered":"Carte membre"},"content":{"rendered":"Vous devez \u00eatre connect\u00e9 pour voir ce contenu.","protected":false},"excerpt":{"rendered":"Vous devez \u00eatre connect\u00e9 pour voir ce contenu.","protected":false},"author":3,"featured_media":0,"parent":0,"menu_order":0,"comment_status":"closed","ping_status":"closed","template":"","meta":[],"_links":{"self":[{"href":"https:\/\/avadol.ch\/index.php?rest_route=\/wp\/v2\/pages\/4201"}],"collection":[{"href":"https:\/\/avadol.ch\/index.php?rest_route=\/wp\/v2\/pages"}],"about":[{"href":"https:\/\/avadol.ch\/index.php?rest_route=\/wp\/v2\/types\/page"}],"author":[{"embeddable":true,"href":"https:\/\/avadol.ch\/index.php?rest_route=\/wp\/v2\/users\/3"}],"replies":[{"embeddable":true,"href":"https:\/\/avadol.ch\/index.php?rest_route=%2Fwp%2Fv2%2Fcomments&post=4201"}],"version-history":[{"count":5,"href":"https:\/\/avadol.ch\/index.php?rest_route=\/wp\/v2\/pages\/4201\/revisions"}],"predecessor-version":[{"id":4214,"href":"https:\/\/avadol.ch\/index.php?rest_route=\/wp\/v2\/pages\/4201\/revisions\/4214"}],"wp:attachment":[{"href":"https:\/\/avadol.ch\/index.php?rest_route=%2Fwp%2Fv2%2Fmedia&parent=4201"}],"curies":[{"name":"wp","href":"https:\/\/api.w.org\/{rel}","templated":true}]}}